{"id":7,"date":"2022-01-08T14:17:22","date_gmt":"2022-01-08T13:17:22","guid":{"rendered":"https:\/\/jubapneu.eu\/?page_id=7"},"modified":"2024-06-18T10:35:09","modified_gmt":"2024-06-18T08:35:09","slug":"contact","status":"publish","type":"page","link":"https:\/\/jubapneu.eu\/index.php\/contact\/","title":{"rendered":"Contact"},"content":{"rendered":"\n<div class=\"wp-block-columns is-layout-flex wp-container-core-columns-is-layout-28f84493 wp-block-columns-is-layout-flex\">\n<div class=\"wp-block-column is-layout-flow wp-block-column-is-layout-flow\">\n<p>Vous pouvez nous trouver au 10 rue Jeanne d&rsquo;Arc \u00e0 Homecourt 54310 !<\/p>\n\n\n\n<p>Tel: +33 9 54 45 98 22<\/p>\n\n\n\n<p>E-mail: contact@jubapneu.eu<\/p>\n\n\n\n<figure class=\"wp-block-image size-full\"><img data-recalc-dims=\"1\" loading=\"lazy\" decoding=\"async\" width=\"500\" height=\"129\" src=\"https:\/\/i0.wp.com\/jubapneu.eu\/wp-content\/uploads\/2022\/01\/logo_small.png?resize=500%2C129&#038;ssl=1\" alt=\"\" class=\"wp-image-52\" srcset=\"https:\/\/i0.wp.com\/jubapneu.eu\/wp-content\/uploads\/2022\/01\/logo_small.png?w=500&amp;ssl=1 500w, https:\/\/i0.wp.com\/jubapneu.eu\/wp-content\/uploads\/2022\/01\/logo_small.png?resize=416%2C107&amp;ssl=1 416w, https:\/\/i0.wp.com\/jubapneu.eu\/wp-content\/uploads\/2022\/01\/logo_small.png?resize=300%2C77&amp;ssl=1 300w\" sizes=\"auto, (max-width: 500px) 100vw, 500px\" \/><\/figure>\n\n\n\n<p><\/p>\n<\/div>\n<\/div>\n","protected":false},"excerpt":{"rendered":"<p>Vous pouvez nous trouver au 10 rue Jeanne d&rsquo;Arc \u00e0 Homecourt 54310 ! Tel: +33 9 54 45 98 22 E-mail: contact@jubapneu.eu<\/p>\n","protected":false},"author":1,"featured_media":0,"parent":0,"menu_order":0,"comment_status":"closed","ping_status":"closed","template":"","meta":{"footnotes":""},"class_list":["post-7","page","type-page","status-publish","hentry"],"yoast_head":"<!-- This site is optimized with the Yoast SEO plugin v27.4 - https:\/\/yoast.com\/product\/yoast-seo-wordpress\/ -->\n<title>Contact - jubapneu.eu<\/title>\n<meta name=\"robots\" content=\"index, follow, max-snippet:-1, max-image-preview:large, max-video-preview:-1\" \/>\n<link rel=\"canonical\" href=\"https:\/\/jubapneu.eu\/index.php\/contact\/\" \/>\n<meta property=\"og:locale\" content=\"fr_FR\" \/>\n<meta property=\"og:type\" content=\"article\" \/>\n<meta property=\"og:title\" content=\"Contact - jubapneu.eu\" \/>\n<meta property=\"og:description\" content=\"Vous pouvez nous trouver au 10 rue Jeanne d&rsquo;Arc \u00e0 Homecourt 54310 ! Tel: +33 9 54 45 98 22 E-mail: contact@jubapneu.eu\" \/>\n<meta property=\"og:url\" content=\"https:\/\/jubapneu.eu\/index.php\/contact\/\" \/>\n<meta property=\"og:site_name\" content=\"jubapneu.eu\" \/>\n<meta property=\"article:modified_time\" content=\"2024-06-18T08:35:09+00:00\" \/>\n<meta property=\"og:image\" content=\"http:\/\/jubapneu.eu\/wp-content\/uploads\/2022\/01\/logo_small.png\" \/>\n<meta name=\"twitter:card\" content=\"summary_large_image\" \/>\n<meta name=\"twitter:label1\" content=\"Dur\u00e9e de lecture estim\u00e9e\" \/>\n\t<meta name=\"twitter:data1\" content=\"1 minute\" \/>\n<script type=\"application\/ld+json\" class=\"yoast-schema-graph\">{\"@context\":\"https:\\\/\\\/schema.org\",\"@graph\":[{\"@type\":\"WebPage\",\"@id\":\"https:\\\/\\\/jubapneu.eu\\\/index.php\\\/contact\\\/\",\"url\":\"https:\\\/\\\/jubapneu.eu\\\/index.php\\\/contact\\\/\",\"name\":\"Contact - jubapneu.eu\",\"isPartOf\":{\"@id\":\"https:\\\/\\\/jubapneu.eu\\\/#website\"},\"primaryImageOfPage\":{\"@id\":\"https:\\\/\\\/jubapneu.eu\\\/index.php\\\/contact\\\/#primaryimage\"},\"image\":{\"@id\":\"https:\\\/\\\/jubapneu.eu\\\/index.php\\\/contact\\\/#primaryimage\"},\"thumbnailUrl\":\"http:\\\/\\\/jubapneu.eu\\\/wp-content\\\/uploads\\\/2022\\\/01\\\/logo_small.png\",\"datePublished\":\"2022-01-08T13:17:22+00:00\",\"dateModified\":\"2024-06-18T08:35:09+00:00\",\"breadcrumb\":{\"@id\":\"https:\\\/\\\/jubapneu.eu\\\/index.php\\\/contact\\\/#breadcrumb\"},\"inLanguage\":\"fr-FR\",\"potentialAction\":[{\"@type\":\"ReadAction\",\"target\":[\"https:\\\/\\\/jubapneu.eu\\\/index.php\\\/contact\\\/\"]}]},{\"@type\":\"ImageObject\",\"inLanguage\":\"fr-FR\",\"@id\":\"https:\\\/\\\/jubapneu.eu\\\/index.php\\\/contact\\\/#primaryimage\",\"url\":\"http:\\\/\\\/jubapneu.eu\\\/wp-content\\\/uploads\\\/2022\\\/01\\\/logo_small.png\",\"contentUrl\":\"http:\\\/\\\/jubapneu.eu\\\/wp-content\\\/uploads\\\/2022\\\/01\\\/logo_small.png\"},{\"@type\":\"BreadcrumbList\",\"@id\":\"https:\\\/\\\/jubapneu.eu\\\/index.php\\\/contact\\\/#breadcrumb\",\"itemListElement\":[{\"@type\":\"ListItem\",\"position\":1,\"name\":\"Accueil\",\"item\":\"https:\\\/\\\/jubapneu.eu\\\/\"},{\"@type\":\"ListItem\",\"position\":2,\"name\":\"Contact\"}]},{\"@type\":\"WebSite\",\"@id\":\"https:\\\/\\\/jubapneu.eu\\\/#website\",\"url\":\"https:\\\/\\\/jubapneu.eu\\\/\",\"name\":\"jubapneu.eu\",\"description\":\"Des pneus adapt\u00e9s \u00e0 vos besoins\",\"publisher\":{\"@id\":\"https:\\\/\\\/jubapneu.eu\\\/#organization\"},\"potentialAction\":[{\"@type\":\"SearchAction\",\"target\":{\"@type\":\"EntryPoint\",\"urlTemplate\":\"https:\\\/\\\/jubapneu.eu\\\/?s={search_term_string}\"},\"query-input\":{\"@type\":\"PropertyValueSpecification\",\"valueRequired\":true,\"valueName\":\"search_term_string\"}}],\"inLanguage\":\"fr-FR\"},{\"@type\":\"Organization\",\"@id\":\"https:\\\/\\\/jubapneu.eu\\\/#organization\",\"name\":\"JubaPneu\",\"url\":\"https:\\\/\\\/jubapneu.eu\\\/\",\"logo\":{\"@type\":\"ImageObject\",\"inLanguage\":\"fr-FR\",\"@id\":\"https:\\\/\\\/jubapneu.eu\\\/#\\\/schema\\\/logo\\\/image\\\/\",\"url\":\"http:\\\/\\\/jubapneu.eu\\\/wp-content\\\/uploads\\\/2022\\\/04\\\/logo_large.png\",\"contentUrl\":\"http:\\\/\\\/jubapneu.eu\\\/wp-content\\\/uploads\\\/2022\\\/04\\\/logo_large.png\",\"width\":1500,\"height\":386,\"caption\":\"JubaPneu\"},\"image\":{\"@id\":\"https:\\\/\\\/jubapneu.eu\\\/#\\\/schema\\\/logo\\\/image\\\/\"}}]}<\/script>\n<!-- \/ Yoast SEO plugin. -->","yoast_head_json":{"title":"Contact - jubapneu.eu","robots":{"index":"index","follow":"follow","max-snippet":"max-snippet:-1","max-image-preview":"max-image-preview:large","max-video-preview":"max-video-preview:-1"},"canonical":"https:\/\/jubapneu.eu\/index.php\/contact\/","og_locale":"fr_FR","og_type":"article","og_title":"Contact - jubapneu.eu","og_description":"Vous pouvez nous trouver au 10 rue Jeanne d&rsquo;Arc \u00e0 Homecourt 54310 ! Tel: +33 9 54 45 98 22 E-mail: contact@jubapneu.eu","og_url":"https:\/\/jubapneu.eu\/index.php\/contact\/","og_site_name":"jubapneu.eu","article_modified_time":"2024-06-18T08:35:09+00:00","og_image":[{"url":"http:\/\/jubapneu.eu\/wp-content\/uploads\/2022\/01\/logo_small.png","type":"","width":"","height":""}],"twitter_card":"summary_large_image","twitter_misc":{"Dur\u00e9e de lecture estim\u00e9e":"1 minute"},"schema":{"@context":"https:\/\/schema.org","@graph":[{"@type":"WebPage","@id":"https:\/\/jubapneu.eu\/index.php\/contact\/","url":"https:\/\/jubapneu.eu\/index.php\/contact\/","name":"Contact - jubapneu.eu","isPartOf":{"@id":"https:\/\/jubapneu.eu\/#website"},"primaryImageOfPage":{"@id":"https:\/\/jubapneu.eu\/index.php\/contact\/#primaryimage"},"image":{"@id":"https:\/\/jubapneu.eu\/index.php\/contact\/#primaryimage"},"thumbnailUrl":"http:\/\/jubapneu.eu\/wp-content\/uploads\/2022\/01\/logo_small.png","datePublished":"2022-01-08T13:17:22+00:00","dateModified":"2024-06-18T08:35:09+00:00","breadcrumb":{"@id":"https:\/\/jubapneu.eu\/index.php\/contact\/#breadcrumb"},"inLanguage":"fr-FR","potentialAction":[{"@type":"ReadAction","target":["https:\/\/jubapneu.eu\/index.php\/contact\/"]}]},{"@type":"ImageObject","inLanguage":"fr-FR","@id":"https:\/\/jubapneu.eu\/index.php\/contact\/#primaryimage","url":"http:\/\/jubapneu.eu\/wp-content\/uploads\/2022\/01\/logo_small.png","contentUrl":"http:\/\/jubapneu.eu\/wp-content\/uploads\/2022\/01\/logo_small.png"},{"@type":"BreadcrumbList","@id":"https:\/\/jubapneu.eu\/index.php\/contact\/#breadcrumb","itemListElement":[{"@type":"ListItem","position":1,"name":"Accueil","item":"https:\/\/jubapneu.eu\/"},{"@type":"ListItem","position":2,"name":"Contact"}]},{"@type":"WebSite","@id":"https:\/\/jubapneu.eu\/#website","url":"https:\/\/jubapneu.eu\/","name":"jubapneu.eu","description":"Des pneus adapt\u00e9s \u00e0 vos besoins","publisher":{"@id":"https:\/\/jubapneu.eu\/#organization"},"potentialAction":[{"@type":"SearchAction","target":{"@type":"EntryPoint","urlTemplate":"https:\/\/jubapneu.eu\/?s={search_term_string}"},"query-input":{"@type":"PropertyValueSpecification","valueRequired":true,"valueName":"search_term_string"}}],"inLanguage":"fr-FR"},{"@type":"Organization","@id":"https:\/\/jubapneu.eu\/#organization","name":"JubaPneu","url":"https:\/\/jubapneu.eu\/","logo":{"@type":"ImageObject","inLanguage":"fr-FR","@id":"https:\/\/jubapneu.eu\/#\/schema\/logo\/image\/","url":"http:\/\/jubapneu.eu\/wp-content\/uploads\/2022\/04\/logo_large.png","contentUrl":"http:\/\/jubapneu.eu\/wp-content\/uploads\/2022\/04\/logo_large.png","width":1500,"height":386,"caption":"JubaPneu"},"image":{"@id":"https:\/\/jubapneu.eu\/#\/schema\/logo\/image\/"}}]}},"jetpack-related-posts":[{"id":6,"url":"https:\/\/jubapneu.eu\/index.php\/a-propos-de\/","url_meta":{"origin":7,"position":0},"title":"Le garage de La Poste","author":"Juba","date":"8 janvier 2022","format":false,"excerpt":"D\u00e9couvrez AutoPneuServices54 (APS54): Votre Garage de Confiance \u00e0 Homecourt Au c\u0153ur de Homecourt, se trouve un garage qui incarne la passion pour l'automobile depuis son ouverture dans les ann\u00e9es 2000. AutoPneuServices54, est bien plus qu'un simple centre de r\u00e9paration automobile ; c'est un lieu o\u00f9 l'expertise, la qualit\u00e9 de service\u2026","rel":"","context":"Article similaire","block_context":{"text":"Article similaire","link":""},"img":{"alt_text":"","src":"https:\/\/i0.wp.com\/jubapneu.eu\/wp-content\/uploads\/2022\/01\/photo-1599082267768-4815b2ea6bd2-scaled.jpg?resize=350%2C200&ssl=1","width":350,"height":200,"srcset":"https:\/\/i0.wp.com\/jubapneu.eu\/wp-content\/uploads\/2022\/01\/photo-1599082267768-4815b2ea6bd2-scaled.jpg?resize=350%2C200&ssl=1 1x, https:\/\/i0.wp.com\/jubapneu.eu\/wp-content\/uploads\/2022\/01\/photo-1599082267768-4815b2ea6bd2-scaled.jpg?resize=525%2C300&ssl=1 1.5x, https:\/\/i0.wp.com\/jubapneu.eu\/wp-content\/uploads\/2022\/01\/photo-1599082267768-4815b2ea6bd2-scaled.jpg?resize=700%2C400&ssl=1 2x, https:\/\/i0.wp.com\/jubapneu.eu\/wp-content\/uploads\/2022\/01\/photo-1599082267768-4815b2ea6bd2-scaled.jpg?resize=1050%2C600&ssl=1 3x, https:\/\/i0.wp.com\/jubapneu.eu\/wp-content\/uploads\/2022\/01\/photo-1599082267768-4815b2ea6bd2-scaled.jpg?resize=1400%2C800&ssl=1 4x"},"classes":[]},{"id":72,"url":"https:\/\/jubapneu.eu\/index.php\/remboursements_retours\/","url_meta":{"origin":7,"position":1},"title":"Politique en mati\u00e8re de remboursements et de retours","author":"Juba","date":"16 avril 2022","format":false,"excerpt":"Nous reprenons ou \u00e9changeons les articles vendus jusqu'\u00e0 30 jours apr\u00e8s la vente. Apr\u00e8s ce d\u00e9lai nous ne pourrons pas accept\u00e9 de retour ou d'\u00e9change. Pour \u00eatre accept\u00e9 les articles retourn\u00e9s ne doivent pas avoir \u00e9t\u00e9 utilis\u00e9s et ils doivent \u00eatre dans les m\u00eames conditions que lors de leur r\u00e9ception.\u2026","rel":"","context":"Article similaire","block_context":{"text":"Article similaire","link":""},"img":{"alt_text":"","src":"","width":0,"height":0},"classes":[]},{"id":3,"url":"https:\/\/jubapneu.eu\/index.php\/politique-de-confidentialite\/","url_meta":{"origin":7,"position":2},"title":"Politique de confidentialit\u00e9","author":"Juba","date":"8 janvier 2022","format":false,"excerpt":"Qui sommes-nous\u00a0? L\u2019adresse de notre site est\u00a0: https:\/\/jubapneu.eu. Commentaires Quand vous laissez un commentaire sur notre site, les donn\u00e9es inscrites dans le formulaire de commentaire, mais aussi votre adresse IP et l\u2019agent utilisateur de votre navigateur sont collect\u00e9s pour nous aider \u00e0 la d\u00e9tection des commentaires ind\u00e9sirables. Une cha\u00eene anonymis\u00e9e\u2026","rel":"","context":"Article similaire","block_context":{"text":"Article similaire","link":""},"img":{"alt_text":"","src":"","width":0,"height":0},"classes":[]},{"id":68,"url":"https:\/\/jubapneu.eu\/","url_meta":{"origin":7,"position":3},"title":"Boutique","author":"Juba","date":"9 janvier 2022","format":false,"excerpt":"","rel":"","context":"Article similaire","block_context":{"text":"Article similaire","link":""},"img":{"alt_text":"","src":"","width":0,"height":0},"classes":[]},{"id":69,"url":"https:\/\/jubapneu.eu\/index.php\/panier\/","url_meta":{"origin":7,"position":4},"title":"Panier","author":"Juba","date":"9 janvier 2022","format":false,"excerpt":"","rel":"","context":"Article similaire","block_context":{"text":"Article similaire","link":""},"img":{"alt_text":"","src":"","width":0,"height":0},"classes":[]},{"id":71,"url":"https:\/\/jubapneu.eu\/index.php\/mon-compte\/","url_meta":{"origin":7,"position":5},"title":"Mon compte","author":"Juba","date":"9 janvier 2022","format":false,"excerpt":"","rel":"","context":"Article similaire","block_context":{"text":"Article similaire","link":""},"img":{"alt_text":"","src":"","width":0,"height":0},"classes":[]}],"jetpack_sharing_enabled":true,"jetpack_likes_enabled":true,"_links":{"self":[{"href":"https:\/\/jubapneu.eu\/index.php\/wp-json\/wp\/v2\/pages\/7","targetHints":{"allow":["GET"]}}],"collection":[{"href":"https:\/\/jubapneu.eu\/index.php\/wp-json\/wp\/v2\/pages"}],"about":[{"href":"https:\/\/jubapneu.eu\/index.php\/wp-json\/wp\/v2\/types\/page"}],"author":[{"embeddable":true,"href":"https:\/\/jubapneu.eu\/index.php\/wp-json\/wp\/v2\/users\/1"}],"replies":[{"embeddable":true,"href":"https:\/\/jubapneu.eu\/index.php\/wp-json\/wp\/v2\/comments?post=7"}],"version-history":[{"count":8,"href":"https:\/\/jubapneu.eu\/index.php\/wp-json\/wp\/v2\/pages\/7\/revisions"}],"predecessor-version":[{"id":507,"href":"https:\/\/jubapneu.eu\/index.php\/wp-json\/wp\/v2\/pages\/7\/revisions\/507"}],"wp:attachment":[{"href":"https:\/\/jubapneu.eu\/index.php\/wp-json\/wp\/v2\/media?parent=7"}],"curies":[{"name":"wp","href":"https:\/\/api.w.org\/{rel}","templated":true}]}}