{"id":71,"date":"2022-01-09T10:34:46","date_gmt":"2022-01-09T09:34:46","guid":{"rendered":"https:\/\/jubapneu.eu\/index.php\/mon-compte\/"},"modified":"2022-01-09T10:34:46","modified_gmt":"2022-01-09T09:34:46","slug":"mon-compte","status":"publish","type":"page","link":"https:\/\/jubapneu.eu\/index.php\/mon-compte\/","title":{"rendered":"Mon compte"},"content":{"rendered":"<div class=\"woocommerce\"><\/div>\n","protected":false},"excerpt":{"rendered":"","protected":false},"author":1,"featured_media":0,"parent":0,"menu_order":0,"comment_status":"closed","ping_status":"closed","template":"","meta":{"footnotes":""},"class_list":["post-71","page","type-page","status-publish","hentry"],"yoast_head":"<!-- This site is optimized with the Yoast SEO plugin v27.3 - https:\/\/yoast.com\/product\/yoast-seo-wordpress\/ -->\n<title>Mon compte - jubapneu.eu<\/title>\n<meta name=\"robots\" content=\"index, follow, max-snippet:-1, max-image-preview:large, max-video-preview:-1\" \/>\n<link rel=\"canonical\" href=\"https:\/\/jubapneu.eu\/index.php\/mon-compte\/\" \/>\n<meta property=\"og:locale\" content=\"fr_FR\" \/>\n<meta property=\"og:type\" content=\"article\" \/>\n<meta property=\"og:title\" content=\"Mon compte - jubapneu.eu\" \/>\n<meta property=\"og:url\" content=\"https:\/\/jubapneu.eu\/index.php\/mon-compte\/\" \/>\n<meta property=\"og:site_name\" content=\"jubapneu.eu\" \/>\n<meta name=\"twitter:card\" content=\"summary_large_image\" \/>\n<script type=\"application\/ld+json\" class=\"yoast-schema-graph\">{\"@context\":\"https:\\\/\\\/schema.org\",\"@graph\":[{\"@type\":\"WebPage\",\"@id\":\"https:\\\/\\\/jubapneu.eu\\\/index.php\\\/mon-compte\\\/\",\"url\":\"https:\\\/\\\/jubapneu.eu\\\/index.php\\\/mon-compte\\\/\",\"name\":\"Mon compte - jubapneu.eu\",\"isPartOf\":{\"@id\":\"https:\\\/\\\/jubapneu.eu\\\/#website\"},\"datePublished\":\"2022-01-09T09:34:46+00:00\",\"breadcrumb\":{\"@id\":\"https:\\\/\\\/jubapneu.eu\\\/index.php\\\/mon-compte\\\/#breadcrumb\"},\"inLanguage\":\"fr-FR\",\"potentialAction\":[{\"@type\":\"ReadAction\",\"target\":[\"https:\\\/\\\/jubapneu.eu\\\/index.php\\\/mon-compte\\\/\"]}]},{\"@type\":\"BreadcrumbList\",\"@id\":\"https:\\\/\\\/jubapneu.eu\\\/index.php\\\/mon-compte\\\/#breadcrumb\",\"itemListElement\":[{\"@type\":\"ListItem\",\"position\":1,\"name\":\"Accueil\",\"item\":\"https:\\\/\\\/jubapneu.eu\\\/\"},{\"@type\":\"ListItem\",\"position\":2,\"name\":\"Mon compte\"}]},{\"@type\":\"WebSite\",\"@id\":\"https:\\\/\\\/jubapneu.eu\\\/#website\",\"url\":\"https:\\\/\\\/jubapneu.eu\\\/\",\"name\":\"jubapneu.eu\",\"description\":\"Des pneus adapt\u00e9s \u00e0 vos besoins\",\"publisher\":{\"@id\":\"https:\\\/\\\/jubapneu.eu\\\/#organization\"},\"potentialAction\":[{\"@type\":\"SearchAction\",\"target\":{\"@type\":\"EntryPoint\",\"urlTemplate\":\"https:\\\/\\\/jubapneu.eu\\\/?s={search_term_string}\"},\"query-input\":{\"@type\":\"PropertyValueSpecification\",\"valueRequired\":true,\"valueName\":\"search_term_string\"}}],\"inLanguage\":\"fr-FR\"},{\"@type\":\"Organization\",\"@id\":\"https:\\\/\\\/jubapneu.eu\\\/#organization\",\"name\":\"JubaPneu\",\"url\":\"https:\\\/\\\/jubapneu.eu\\\/\",\"logo\":{\"@type\":\"ImageObject\",\"inLanguage\":\"fr-FR\",\"@id\":\"https:\\\/\\\/jubapneu.eu\\\/#\\\/schema\\\/logo\\\/image\\\/\",\"url\":\"http:\\\/\\\/jubapneu.eu\\\/wp-content\\\/uploads\\\/2022\\\/04\\\/logo_large.png\",\"contentUrl\":\"http:\\\/\\\/jubapneu.eu\\\/wp-content\\\/uploads\\\/2022\\\/04\\\/logo_large.png\",\"width\":1500,\"height\":386,\"caption\":\"JubaPneu\"},\"image\":{\"@id\":\"https:\\\/\\\/jubapneu.eu\\\/#\\\/schema\\\/logo\\\/image\\\/\"}}]}<\/script>\n<!-- \/ Yoast SEO plugin. -->","yoast_head_json":{"title":"Mon compte - jubapneu.eu","robots":{"index":"index","follow":"follow","max-snippet":"max-snippet:-1","max-image-preview":"max-image-preview:large","max-video-preview":"max-video-preview:-1"},"canonical":"https:\/\/jubapneu.eu\/index.php\/mon-compte\/","og_locale":"fr_FR","og_type":"article","og_title":"Mon compte - jubapneu.eu","og_url":"https:\/\/jubapneu.eu\/index.php\/mon-compte\/","og_site_name":"jubapneu.eu","twitter_card":"summary_large_image","schema":{"@context":"https:\/\/schema.org","@graph":[{"@type":"WebPage","@id":"https:\/\/jubapneu.eu\/index.php\/mon-compte\/","url":"https:\/\/jubapneu.eu\/index.php\/mon-compte\/","name":"Mon compte - jubapneu.eu","isPartOf":{"@id":"https:\/\/jubapneu.eu\/#website"},"datePublished":"2022-01-09T09:34:46+00:00","breadcrumb":{"@id":"https:\/\/jubapneu.eu\/index.php\/mon-compte\/#breadcrumb"},"inLanguage":"fr-FR","potentialAction":[{"@type":"ReadAction","target":["https:\/\/jubapneu.eu\/index.php\/mon-compte\/"]}]},{"@type":"BreadcrumbList","@id":"https:\/\/jubapneu.eu\/index.php\/mon-compte\/#breadcrumb","itemListElement":[{"@type":"ListItem","position":1,"name":"Accueil","item":"https:\/\/jubapneu.eu\/"},{"@type":"ListItem","position":2,"name":"Mon compte"}]},{"@type":"WebSite","@id":"https:\/\/jubapneu.eu\/#website","url":"https:\/\/jubapneu.eu\/","name":"jubapneu.eu","description":"Des pneus adapt\u00e9s \u00e0 vos besoins","publisher":{"@id":"https:\/\/jubapneu.eu\/#organization"},"potentialAction":[{"@type":"SearchAction","target":{"@type":"EntryPoint","urlTemplate":"https:\/\/jubapneu.eu\/?s={search_term_string}"},"query-input":{"@type":"PropertyValueSpecification","valueRequired":true,"valueName":"search_term_string"}}],"inLanguage":"fr-FR"},{"@type":"Organization","@id":"https:\/\/jubapneu.eu\/#organization","name":"JubaPneu","url":"https:\/\/jubapneu.eu\/","logo":{"@type":"ImageObject","inLanguage":"fr-FR","@id":"https:\/\/jubapneu.eu\/#\/schema\/logo\/image\/","url":"http:\/\/jubapneu.eu\/wp-content\/uploads\/2022\/04\/logo_large.png","contentUrl":"http:\/\/jubapneu.eu\/wp-content\/uploads\/2022\/04\/logo_large.png","width":1500,"height":386,"caption":"JubaPneu"},"image":{"@id":"https:\/\/jubapneu.eu\/#\/schema\/logo\/image\/"}}]}},"jetpack-related-posts":[{"id":3,"url":"https:\/\/jubapneu.eu\/index.php\/politique-de-confidentialite\/","url_meta":{"origin":71,"position":0},"title":"Politique de confidentialit\u00e9","author":"Juba","date":"8 janvier 2022","format":false,"excerpt":"Qui sommes-nous\u00a0? L\u2019adresse de notre site est\u00a0: https:\/\/jubapneu.eu. Commentaires Quand vous laissez un commentaire sur notre site, les donn\u00e9es inscrites dans le formulaire de commentaire, mais aussi votre adresse IP et l\u2019agent utilisateur de votre navigateur sont collect\u00e9s pour nous aider \u00e0 la d\u00e9tection des commentaires ind\u00e9sirables. Une cha\u00eene anonymis\u00e9e\u2026","rel":"","context":"Article similaire","block_context":{"text":"Article similaire","link":""},"img":{"alt_text":"","src":"","width":0,"height":0},"classes":[]}],"jetpack_sharing_enabled":true,"jetpack_likes_enabled":true,"_links":{"self":[{"href":"https:\/\/jubapneu.eu\/index.php\/wp-json\/wp\/v2\/pages\/71","targetHints":{"allow":["GET"]}}],"collection":[{"href":"https:\/\/jubapneu.eu\/index.php\/wp-json\/wp\/v2\/pages"}],"about":[{"href":"https:\/\/jubapneu.eu\/index.php\/wp-json\/wp\/v2\/types\/page"}],"author":[{"embeddable":true,"href":"https:\/\/jubapneu.eu\/index.php\/wp-json\/wp\/v2\/users\/1"}],"replies":[{"embeddable":true,"href":"https:\/\/jubapneu.eu\/index.php\/wp-json\/wp\/v2\/comments?post=71"}],"version-history":[{"count":0,"href":"https:\/\/jubapneu.eu\/index.php\/wp-json\/wp\/v2\/pages\/71\/revisions"}],"wp:attachment":[{"href":"https:\/\/jubapneu.eu\/index.php\/wp-json\/wp\/v2\/media?parent=71"}],"curies":[{"name":"wp","href":"https:\/\/api.w.org\/{rel}","templated":true}]}}