{"id":72,"date":"2022-04-16T12:36:08","date_gmt":"2022-04-16T10:36:08","guid":{"rendered":"https:\/\/jubapneu.eu\/?page_id=72"},"modified":"2023-11-03T12:57:14","modified_gmt":"2023-11-03T11:57:14","slug":"remboursements_retours","status":"publish","type":"page","link":"https:\/\/jubapneu.eu\/index.php\/remboursements_retours\/","title":{"rendered":"Politique en mati\u00e8re de remboursements et de retours"},"content":{"rendered":"\n<p>Nous reprenons ou \u00e9changeons les articles vendus jusqu&rsquo;\u00e0 30 jours apr\u00e8s la vente. Apr\u00e8s ce d\u00e9lai nous ne pourrons pas accept\u00e9 de retour ou d&rsquo;\u00e9change.<\/p>\n\n\n\n<p>Pour \u00eatre accept\u00e9 les articles retourn\u00e9s ne doivent pas avoir \u00e9t\u00e9 utilis\u00e9s et ils doivent \u00eatre dans les m\u00eames conditions que lors de leur r\u00e9ception. Ils doivent aussi avoir l&#8217;emballage d&rsquo;origine.<\/p>\n\n\n\n<p>Pour effectuer votre remboursement vous aurez besoin de la facture envoy\u00e9s lors de l&rsquo;achat.<\/p>\n\n\n\n<p><h2>Remboursement<\/h2><\/p>\n\n\n\n<p>Une fois que nous recevrons les articles retournons nous vous enverrons un email pour vous l&rsquo;annonc\u00e9. Apr\u00e8s l&rsquo;inspections des articles nous vous contacterons pour pr\u00e9venir de l&rsquo;acceptation ou du rejet de vos articles. Si c&rsquo;est accepter le remboursement sera re\u00e7u automatiquement sur la carte de cr\u00e9dit utilis\u00e9 durant l&rsquo;achat.<\/p>\n\n\n\n<p><\/p>\n\n\n\n<p><b>Articles en promotions<\/b><\/p>\n\n\n\n<p>Les articles vendus en promotion ne sont pas remboursables.<\/p>\n\n\n\n<p><h2>Echange<\/h2><\/p>\n\n\n\n<p>En cas de dommage ou de d\u00e9faut nous \u00e9changeons vos articles. Envoyez nous simplement un email \u00e0 l&rsquo;adresse suivante: contact@jubapneu.eu.<\/p>\n\n\n\n<p><h2>Frais de retour<\/h2><\/p>\n\n\n\n<p>Vous serez en charge d&rsquo;exp\u00e9diez les articles vers notre centre de retour. Les frais de livraisons de retour ne sont pas remboursables (sauf en cas de d\u00e9faut ou de dommage lors de la r\u00e9ception de l&rsquo;article).<\/p>\n\n\n\n<p><h2>Des questions<\/h2><\/p>\n\n\n\n<p>Envoyez nous un mail en cas de questions sur les retours ou remboursement sur cette adresse: contact@jubapneu.eu <\/p>\n","protected":false},"excerpt":{"rendered":"<p>Nous reprenons ou \u00e9changeons les articles vendus jusqu&rsquo;\u00e0 30 jours apr\u00e8s la vente. Apr\u00e8s ce d\u00e9lai nous ne pourrons pas accept\u00e9 de retour ou d&rsquo;\u00e9change. Pour \u00eatre accept\u00e9 les articles retourn\u00e9s ne doivent pas avoir \u00e9t\u00e9 utilis\u00e9s et ils doivent \u00eatre dans les m\u00eames conditions que lors de leur r\u00e9ception. Ils doivent aussi avoir l&#8217;emballage [&hellip;]<\/p>\n","protected":false},"author":1,"featured_media":0,"parent":0,"menu_order":0,"comment_status":"closed","ping_status":"closed","template":"","meta":{"footnotes":""},"class_list":["post-72","page","type-page","status-publish","hentry"],"yoast_head":"<!-- This site is optimized with the Yoast SEO plugin v27.4 - https:\/\/yoast.com\/product\/yoast-seo-wordpress\/ -->\n<title>Politique en mati\u00e8re de remboursements et de retours - jubapneu.eu<\/title>\n<meta name=\"robots\" content=\"index, follow, max-snippet:-1, max-image-preview:large, max-video-preview:-1\" \/>\n<link rel=\"canonical\" href=\"https:\/\/jubapneu.eu\/index.php\/remboursements_retours\/\" \/>\n<meta property=\"og:locale\" content=\"fr_FR\" \/>\n<meta property=\"og:type\" content=\"article\" \/>\n<meta property=\"og:title\" content=\"Politique en mati\u00e8re de remboursements et de retours - jubapneu.eu\" \/>\n<meta property=\"og:description\" content=\"Nous reprenons ou \u00e9changeons les articles vendus jusqu&rsquo;\u00e0 30 jours apr\u00e8s la vente. Apr\u00e8s ce d\u00e9lai nous ne pourrons pas accept\u00e9 de retour ou d&rsquo;\u00e9change. Pour \u00eatre accept\u00e9 les articles retourn\u00e9s ne doivent pas avoir \u00e9t\u00e9 utilis\u00e9s et ils doivent \u00eatre dans les m\u00eames conditions que lors de leur r\u00e9ception. Ils doivent aussi avoir l&#8217;emballage [&hellip;]\" \/>\n<meta property=\"og:url\" content=\"https:\/\/jubapneu.eu\/index.php\/remboursements_retours\/\" \/>\n<meta property=\"og:site_name\" content=\"jubapneu.eu\" \/>\n<meta property=\"article:modified_time\" content=\"2023-11-03T11:57:14+00:00\" \/>\n<meta name=\"twitter:card\" content=\"summary_large_image\" \/>\n<meta name=\"twitter:label1\" content=\"Dur\u00e9e de lecture estim\u00e9e\" \/>\n\t<meta name=\"twitter:data1\" content=\"2 minutes\" \/>\n<script type=\"application\/ld+json\" class=\"yoast-schema-graph\">{\"@context\":\"https:\\\/\\\/schema.org\",\"@graph\":[{\"@type\":\"WebPage\",\"@id\":\"https:\\\/\\\/jubapneu.eu\\\/index.php\\\/remboursements_retours\\\/\",\"url\":\"https:\\\/\\\/jubapneu.eu\\\/index.php\\\/remboursements_retours\\\/\",\"name\":\"Politique en mati\u00e8re de remboursements et de retours - jubapneu.eu\",\"isPartOf\":{\"@id\":\"https:\\\/\\\/jubapneu.eu\\\/#website\"},\"datePublished\":\"2022-04-16T10:36:08+00:00\",\"dateModified\":\"2023-11-03T11:57:14+00:00\",\"breadcrumb\":{\"@id\":\"https:\\\/\\\/jubapneu.eu\\\/index.php\\\/remboursements_retours\\\/#breadcrumb\"},\"inLanguage\":\"fr-FR\",\"potentialAction\":[{\"@type\":\"ReadAction\",\"target\":[\"https:\\\/\\\/jubapneu.eu\\\/index.php\\\/remboursements_retours\\\/\"]}]},{\"@type\":\"BreadcrumbList\",\"@id\":\"https:\\\/\\\/jubapneu.eu\\\/index.php\\\/remboursements_retours\\\/#breadcrumb\",\"itemListElement\":[{\"@type\":\"ListItem\",\"position\":1,\"name\":\"Accueil\",\"item\":\"https:\\\/\\\/jubapneu.eu\\\/\"},{\"@type\":\"ListItem\",\"position\":2,\"name\":\"Politique en mati\u00e8re de remboursements et de retours\"}]},{\"@type\":\"WebSite\",\"@id\":\"https:\\\/\\\/jubapneu.eu\\\/#website\",\"url\":\"https:\\\/\\\/jubapneu.eu\\\/\",\"name\":\"jubapneu.eu\",\"description\":\"Des pneus adapt\u00e9s \u00e0 vos besoins\",\"publisher\":{\"@id\":\"https:\\\/\\\/jubapneu.eu\\\/#organization\"},\"potentialAction\":[{\"@type\":\"SearchAction\",\"target\":{\"@type\":\"EntryPoint\",\"urlTemplate\":\"https:\\\/\\\/jubapneu.eu\\\/?s={search_term_string}\"},\"query-input\":{\"@type\":\"PropertyValueSpecification\",\"valueRequired\":true,\"valueName\":\"search_term_string\"}}],\"inLanguage\":\"fr-FR\"},{\"@type\":\"Organization\",\"@id\":\"https:\\\/\\\/jubapneu.eu\\\/#organization\",\"name\":\"JubaPneu\",\"url\":\"https:\\\/\\\/jubapneu.eu\\\/\",\"logo\":{\"@type\":\"ImageObject\",\"inLanguage\":\"fr-FR\",\"@id\":\"https:\\\/\\\/jubapneu.eu\\\/#\\\/schema\\\/logo\\\/image\\\/\",\"url\":\"http:\\\/\\\/jubapneu.eu\\\/wp-content\\\/uploads\\\/2022\\\/04\\\/logo_large.png\",\"contentUrl\":\"http:\\\/\\\/jubapneu.eu\\\/wp-content\\\/uploads\\\/2022\\\/04\\\/logo_large.png\",\"width\":1500,\"height\":386,\"caption\":\"JubaPneu\"},\"image\":{\"@id\":\"https:\\\/\\\/jubapneu.eu\\\/#\\\/schema\\\/logo\\\/image\\\/\"}}]}<\/script>\n<!-- \/ Yoast SEO plugin. -->","yoast_head_json":{"title":"Politique en mati\u00e8re de remboursements et de retours - jubapneu.eu","robots":{"index":"index","follow":"follow","max-snippet":"max-snippet:-1","max-image-preview":"max-image-preview:large","max-video-preview":"max-video-preview:-1"},"canonical":"https:\/\/jubapneu.eu\/index.php\/remboursements_retours\/","og_locale":"fr_FR","og_type":"article","og_title":"Politique en mati\u00e8re de remboursements et de retours - jubapneu.eu","og_description":"Nous reprenons ou \u00e9changeons les articles vendus jusqu&rsquo;\u00e0 30 jours apr\u00e8s la vente. Apr\u00e8s ce d\u00e9lai nous ne pourrons pas accept\u00e9 de retour ou d&rsquo;\u00e9change. Pour \u00eatre accept\u00e9 les articles retourn\u00e9s ne doivent pas avoir \u00e9t\u00e9 utilis\u00e9s et ils doivent \u00eatre dans les m\u00eames conditions que lors de leur r\u00e9ception. Ils doivent aussi avoir l&#8217;emballage [&hellip;]","og_url":"https:\/\/jubapneu.eu\/index.php\/remboursements_retours\/","og_site_name":"jubapneu.eu","article_modified_time":"2023-11-03T11:57:14+00:00","twitter_card":"summary_large_image","twitter_misc":{"Dur\u00e9e de lecture estim\u00e9e":"2 minutes"},"schema":{"@context":"https:\/\/schema.org","@graph":[{"@type":"WebPage","@id":"https:\/\/jubapneu.eu\/index.php\/remboursements_retours\/","url":"https:\/\/jubapneu.eu\/index.php\/remboursements_retours\/","name":"Politique en mati\u00e8re de remboursements et de retours - jubapneu.eu","isPartOf":{"@id":"https:\/\/jubapneu.eu\/#website"},"datePublished":"2022-04-16T10:36:08+00:00","dateModified":"2023-11-03T11:57:14+00:00","breadcrumb":{"@id":"https:\/\/jubapneu.eu\/index.php\/remboursements_retours\/#breadcrumb"},"inLanguage":"fr-FR","potentialAction":[{"@type":"ReadAction","target":["https:\/\/jubapneu.eu\/index.php\/remboursements_retours\/"]}]},{"@type":"BreadcrumbList","@id":"https:\/\/jubapneu.eu\/index.php\/remboursements_retours\/#breadcrumb","itemListElement":[{"@type":"ListItem","position":1,"name":"Accueil","item":"https:\/\/jubapneu.eu\/"},{"@type":"ListItem","position":2,"name":"Politique en mati\u00e8re de remboursements et de retours"}]},{"@type":"WebSite","@id":"https:\/\/jubapneu.eu\/#website","url":"https:\/\/jubapneu.eu\/","name":"jubapneu.eu","description":"Des pneus adapt\u00e9s \u00e0 vos besoins","publisher":{"@id":"https:\/\/jubapneu.eu\/#organization"},"potentialAction":[{"@type":"SearchAction","target":{"@type":"EntryPoint","urlTemplate":"https:\/\/jubapneu.eu\/?s={search_term_string}"},"query-input":{"@type":"PropertyValueSpecification","valueRequired":true,"valueName":"search_term_string"}}],"inLanguage":"fr-FR"},{"@type":"Organization","@id":"https:\/\/jubapneu.eu\/#organization","name":"JubaPneu","url":"https:\/\/jubapneu.eu\/","logo":{"@type":"ImageObject","inLanguage":"fr-FR","@id":"https:\/\/jubapneu.eu\/#\/schema\/logo\/image\/","url":"http:\/\/jubapneu.eu\/wp-content\/uploads\/2022\/04\/logo_large.png","contentUrl":"http:\/\/jubapneu.eu\/wp-content\/uploads\/2022\/04\/logo_large.png","width":1500,"height":386,"caption":"JubaPneu"},"image":{"@id":"https:\/\/jubapneu.eu\/#\/schema\/logo\/image\/"}}]}},"jetpack-related-posts":[{"id":3,"url":"https:\/\/jubapneu.eu\/index.php\/politique-de-confidentialite\/","url_meta":{"origin":72,"position":0},"title":"Politique de confidentialit\u00e9","author":"Juba","date":"8 janvier 2022","format":false,"excerpt":"Qui sommes-nous\u00a0? L\u2019adresse de notre site est\u00a0: https:\/\/jubapneu.eu. Commentaires Quand vous laissez un commentaire sur notre site, les donn\u00e9es inscrites dans le formulaire de commentaire, mais aussi votre adresse IP et l\u2019agent utilisateur de votre navigateur sont collect\u00e9s pour nous aider \u00e0 la d\u00e9tection des commentaires ind\u00e9sirables. Une cha\u00eene anonymis\u00e9e\u2026","rel":"","context":"Article similaire","block_context":{"text":"Article similaire","link":""},"img":{"alt_text":"","src":"","width":0,"height":0},"classes":[]},{"id":470,"url":"https:\/\/jubapneu.eu\/index.php\/articles\/","url_meta":{"origin":72,"position":1},"title":"Blog","author":"Juba","date":"11 novembre 2023","format":false,"excerpt":"","rel":"","context":"Article similaire","block_context":{"text":"Article similaire","link":""},"img":{"alt_text":"","src":"","width":0,"height":0},"classes":[]}],"jetpack_sharing_enabled":true,"jetpack_likes_enabled":true,"_links":{"self":[{"href":"https:\/\/jubapneu.eu\/index.php\/wp-json\/wp\/v2\/pages\/72","targetHints":{"allow":["GET"]}}],"collection":[{"href":"https:\/\/jubapneu.eu\/index.php\/wp-json\/wp\/v2\/pages"}],"about":[{"href":"https:\/\/jubapneu.eu\/index.php\/wp-json\/wp\/v2\/types\/page"}],"author":[{"embeddable":true,"href":"https:\/\/jubapneu.eu\/index.php\/wp-json\/wp\/v2\/users\/1"}],"replies":[{"embeddable":true,"href":"https:\/\/jubapneu.eu\/index.php\/wp-json\/wp\/v2\/comments?post=72"}],"version-history":[{"count":2,"href":"https:\/\/jubapneu.eu\/index.php\/wp-json\/wp\/v2\/pages\/72\/revisions"}],"predecessor-version":[{"id":459,"href":"https:\/\/jubapneu.eu\/index.php\/wp-json\/wp\/v2\/pages\/72\/revisions\/459"}],"wp:attachment":[{"href":"https:\/\/jubapneu.eu\/index.php\/wp-json\/wp\/v2\/media?parent=72"}],"curies":[{"name":"wp","href":"https:\/\/api.w.org\/{rel}","templated":true}]}}