{"id":346,"date":"2023-10-15T20:55:27","date_gmt":"2023-10-15T18:55:27","guid":{"rendered":"https:\/\/jubapneu.eu\/?post_type=product&#038;p=346"},"modified":"2024-08-14T23:05:25","modified_gmt":"2024-08-14T21:05:25","slug":"bridgerstone-dueler-h-p-sport","status":"publish","type":"product","link":"https:\/\/jubapneu.eu\/index.php\/produit\/bridgerstone-dueler-h-p-sport\/","title":{"rendered":"[Occasion] Bridgerstone Dueler H\/P Sport 225\/55R18 98V"},"content":{"rendered":"<h2>DESCRIPTION DU PNEU DUELER H\/P SPORT<\/h2>\n<h3>UTILISATION ET PERFORMANCE<\/h3>\n<p>Le BRIDGESTONE Dueler H\/P Sport s&rsquo;adresse aux possesseurs de 4&#215;4 et SUV, \u00e0 la recherche d&rsquo;un pneu confortable, robuste et tr\u00e8s maniable. C&rsquo;est un pneumatique s\u00e9curisant, offrant une excellente motricit\u00e9 et pr\u00e9cision de conduite \u00e0 la fois sur soc sec et sur sol mouill\u00e9.<\/p>\n<h3>LES PLUS DU MOD\u00c8LE<\/h3>\n<ul>\n<li>Bonne r\u00e9sistance \u00e0 l&rsquo;aquaplaning<\/li>\n<li>Stabilit\u00e9 et confort de conduite<\/li>\n<li>Performant sur sol sec et mouill\u00e9<\/li>\n<\/ul>\n<h3>CARACT\u00c9RISTIQUES TECHNIQUES<\/h3>\n<ul>\n<li>Runflat Disponible<\/li>\n<\/ul>\n<h2>LA MARQUE BRIDGESTONE<\/h2>\n<p>Bridgestone est la marque leader mondial du pneumatique, distribu\u00e9e dans 150 pays.\u00a0La marque japonaise \u00e9quipe tous les types de v\u00e9hicules de transport tels que les voitures, SUVs, utilitaires, motos, poids lourds et avions, mais \u00e9galement des outillages agricoles et industriels. Ces pneus sont produits partout dans le monde y compris en France (une usine \u00e0 B\u00e9thune).<\/p>\n<p>Bridgestone a \u00e9t\u00e9 cr\u00e9\u00e9e par Shojiro Ishibashi en 1931 au Japon.\u00a0La volont\u00e9 d\u2019assurer la s\u00e9curit\u00e9 des personnes sur leur parcours, quelles que soient les conditions, fait partie de l&rsquo;ADN de l\u2019entreprise. Cet esprit est \u00e0 l\u2019origine de l\u2019activation en France en mars 2017 de la campagne \u2018\u2019Poursuis Ton R\u00eave, Quoi Qu\u2019il Arrive\u2019\u2019 en tant que partenaire officiel du Comit\u00e9 International Olympique jusqu\u2019en 2024.<\/p>\n<p>Toujours tourn\u00e9e vers l\u2019innovation pour r\u00e9pondre au plus pr\u00e8s du besoin de son consommateur europ\u00e9en, Bridgestone s\u2019est dot\u00e9e d\u2019un centre R&amp;D et de deux circuits d\u2019essais, un en Italie et un en Su\u00e8de. L\u2019expertise technologique de Bridgestone sur le d\u00e9veloppement des pneus haute performance se traduit par plus de 200 homologations en montes d\u2019origine et par le lancement de produits innovants tels le Bridgestone DriveGuard.<\/p>\n<p>Pour plus d&rsquo;informations rendez vous sur le site de la marque: https:\/\/www.bridgestone.fr\/pneus-tourisme\/pneus-ete-dueler\/h-p-sport<\/p>\n","protected":false},"excerpt":{"rendered":"<p>DESCRIPTION DU PNEU DUELER H\/P SPORT UTILISATION ET PERFORMANCE Le BRIDGESTONE Dueler H\/P Sport s&rsquo;adresse aux possesseurs de 4&#215;4 et SUV, \u00e0 la recherche d&rsquo;un pneu confortable, robuste et tr\u00e8s maniable. C&rsquo;est un pneumatique s\u00e9curisant, offrant une excellente motricit\u00e9 et pr\u00e9cision de conduite \u00e0 la fois sur soc sec et sur sol mouill\u00e9. LES PLUS [&hellip;]<\/p>\n","protected":false},"featured_media":0,"comment_status":"open","ping_status":"closed","template":"","meta":{"jetpack_publicize_message":"","jetpack_publicize_feature_enabled":true,"jetpack_social_post_already_shared":true,"jetpack_social_options":{"image_generator_settings":{"template":"highway","default_image_id":0,"font":"","enabled":false},"version":2}},"product_brand":[],"product_cat":[82],"product_tag":[],"class_list":{"0":"post-346","1":"product","2":"type-product","3":"status-publish","5":"product_cat-pneus-normaux","7":"first","8":"instock","9":"taxable","10":"shipping-taxable","11":"purchasable","12":"product-type-simple"},"yoast_head":"<!-- This site is optimized with the Yoast SEO plugin v27.4 - https:\/\/yoast.com\/product\/yoast-seo-wordpress\/ -->\n<title>[Occasion] Bridgerstone Dueler H\/P Sport 225\/55R18 98V - jubapneu.eu<\/title>\n<meta name=\"robots\" content=\"index, follow, max-snippet:-1, max-image-preview:large, max-video-preview:-1\" \/>\n<link rel=\"canonical\" href=\"https:\/\/jubapneu.eu\/index.php\/produit\/bridgerstone-dueler-h-p-sport\/\" \/>\n<meta property=\"og:locale\" content=\"fr_FR\" \/>\n<meta property=\"og:type\" content=\"article\" \/>\n<meta property=\"og:title\" content=\"[Occasion] Bridgerstone Dueler H\/P Sport 225\/55R18 98V - jubapneu.eu\" \/>\n<meta property=\"og:description\" content=\"DESCRIPTION DU PNEU DUELER H\/P SPORT UTILISATION ET PERFORMANCE Le BRIDGESTONE Dueler H\/P Sport s&rsquo;adresse aux possesseurs de 4&#215;4 et SUV, \u00e0 la recherche d&rsquo;un pneu confortable, robuste et tr\u00e8s maniable. C&rsquo;est un pneumatique s\u00e9curisant, offrant une excellente motricit\u00e9 et pr\u00e9cision de conduite \u00e0 la fois sur soc sec et sur sol mouill\u00e9. LES PLUS [&hellip;]\" \/>\n<meta property=\"og:url\" content=\"https:\/\/jubapneu.eu\/index.php\/produit\/bridgerstone-dueler-h-p-sport\/\" \/>\n<meta property=\"og:site_name\" content=\"jubapneu.eu\" \/>\n<meta property=\"article:modified_time\" content=\"2024-08-14T21:05:25+00:00\" \/>\n<meta name=\"twitter:card\" content=\"summary_large_image\" \/>\n<meta name=\"twitter:label1\" content=\"Dur\u00e9e de lecture estim\u00e9e\" \/>\n\t<meta name=\"twitter:data1\" content=\"2 minutes\" \/>\n<script type=\"application\/ld+json\" class=\"yoast-schema-graph\">{\"@context\":\"https:\\\/\\\/schema.org\",\"@graph\":[{\"@type\":\"WebPage\",\"@id\":\"https:\\\/\\\/jubapneu.eu\\\/index.php\\\/produit\\\/bridgerstone-dueler-h-p-sport\\\/\",\"url\":\"https:\\\/\\\/jubapneu.eu\\\/index.php\\\/produit\\\/bridgerstone-dueler-h-p-sport\\\/\",\"name\":\"[Occasion] Bridgerstone Dueler H\\\/P Sport 225\\\/55R18 98V - jubapneu.eu\",\"isPartOf\":{\"@id\":\"https:\\\/\\\/jubapneu.eu\\\/#website\"},\"datePublished\":\"2023-10-15T18:55:27+00:00\",\"dateModified\":\"2024-08-14T21:05:25+00:00\",\"breadcrumb\":{\"@id\":\"https:\\\/\\\/jubapneu.eu\\\/index.php\\\/produit\\\/bridgerstone-dueler-h-p-sport\\\/#breadcrumb\"},\"inLanguage\":\"fr-FR\",\"potentialAction\":[{\"@type\":\"ReadAction\",\"target\":[\"https:\\\/\\\/jubapneu.eu\\\/index.php\\\/produit\\\/bridgerstone-dueler-h-p-sport\\\/\"]}]},{\"@type\":\"BreadcrumbList\",\"@id\":\"https:\\\/\\\/jubapneu.eu\\\/index.php\\\/produit\\\/bridgerstone-dueler-h-p-sport\\\/#breadcrumb\",\"itemListElement\":[{\"@type\":\"ListItem\",\"position\":1,\"name\":\"Accueil\",\"item\":\"https:\\\/\\\/jubapneu.eu\\\/\"},{\"@type\":\"ListItem\",\"position\":2,\"name\":\"Boutique\",\"item\":\"https:\\\/\\\/jubapneu.eu\\\/\"},{\"@type\":\"ListItem\",\"position\":3,\"name\":\"[Occasion] Bridgerstone Dueler H\\\/P Sport 225\\\/55R18 98V\"}]},{\"@type\":\"WebSite\",\"@id\":\"https:\\\/\\\/jubapneu.eu\\\/#website\",\"url\":\"https:\\\/\\\/jubapneu.eu\\\/\",\"name\":\"jubapneu.eu\",\"description\":\"Des pneus adapt\u00e9s \u00e0 vos besoins\",\"publisher\":{\"@id\":\"https:\\\/\\\/jubapneu.eu\\\/#organization\"},\"potentialAction\":[{\"@type\":\"SearchAction\",\"target\":{\"@type\":\"EntryPoint\",\"urlTemplate\":\"https:\\\/\\\/jubapneu.eu\\\/?s={search_term_string}\"},\"query-input\":{\"@type\":\"PropertyValueSpecification\",\"valueRequired\":true,\"valueName\":\"search_term_string\"}}],\"inLanguage\":\"fr-FR\"},{\"@type\":\"Organization\",\"@id\":\"https:\\\/\\\/jubapneu.eu\\\/#organization\",\"name\":\"JubaPneu\",\"url\":\"https:\\\/\\\/jubapneu.eu\\\/\",\"logo\":{\"@type\":\"ImageObject\",\"inLanguage\":\"fr-FR\",\"@id\":\"https:\\\/\\\/jubapneu.eu\\\/#\\\/schema\\\/logo\\\/image\\\/\",\"url\":\"http:\\\/\\\/jubapneu.eu\\\/wp-content\\\/uploads\\\/2022\\\/04\\\/logo_large.png\",\"contentUrl\":\"http:\\\/\\\/jubapneu.eu\\\/wp-content\\\/uploads\\\/2022\\\/04\\\/logo_large.png\",\"width\":1500,\"height\":386,\"caption\":\"JubaPneu\"},\"image\":{\"@id\":\"https:\\\/\\\/jubapneu.eu\\\/#\\\/schema\\\/logo\\\/image\\\/\"}}]}<\/script>\n<!-- \/ Yoast SEO plugin. -->","yoast_head_json":{"title":"[Occasion] Bridgerstone Dueler H\/P Sport 225\/55R18 98V - jubapneu.eu","robots":{"index":"index","follow":"follow","max-snippet":"max-snippet:-1","max-image-preview":"max-image-preview:large","max-video-preview":"max-video-preview:-1"},"canonical":"https:\/\/jubapneu.eu\/index.php\/produit\/bridgerstone-dueler-h-p-sport\/","og_locale":"fr_FR","og_type":"article","og_title":"[Occasion] Bridgerstone Dueler H\/P Sport 225\/55R18 98V - jubapneu.eu","og_description":"DESCRIPTION DU PNEU DUELER H\/P SPORT UTILISATION ET PERFORMANCE Le BRIDGESTONE Dueler H\/P Sport s&rsquo;adresse aux possesseurs de 4&#215;4 et SUV, \u00e0 la recherche d&rsquo;un pneu confortable, robuste et tr\u00e8s maniable. C&rsquo;est un pneumatique s\u00e9curisant, offrant une excellente motricit\u00e9 et pr\u00e9cision de conduite \u00e0 la fois sur soc sec et sur sol mouill\u00e9. LES PLUS [&hellip;]","og_url":"https:\/\/jubapneu.eu\/index.php\/produit\/bridgerstone-dueler-h-p-sport\/","og_site_name":"jubapneu.eu","article_modified_time":"2024-08-14T21:05:25+00:00","twitter_card":"summary_large_image","twitter_misc":{"Dur\u00e9e de lecture estim\u00e9e":"2 minutes"},"schema":{"@context":"https:\/\/schema.org","@graph":[{"@type":"WebPage","@id":"https:\/\/jubapneu.eu\/index.php\/produit\/bridgerstone-dueler-h-p-sport\/","url":"https:\/\/jubapneu.eu\/index.php\/produit\/bridgerstone-dueler-h-p-sport\/","name":"[Occasion] Bridgerstone Dueler H\/P Sport 225\/55R18 98V - jubapneu.eu","isPartOf":{"@id":"https:\/\/jubapneu.eu\/#website"},"datePublished":"2023-10-15T18:55:27+00:00","dateModified":"2024-08-14T21:05:25+00:00","breadcrumb":{"@id":"https:\/\/jubapneu.eu\/index.php\/produit\/bridgerstone-dueler-h-p-sport\/#breadcrumb"},"inLanguage":"fr-FR","potentialAction":[{"@type":"ReadAction","target":["https:\/\/jubapneu.eu\/index.php\/produit\/bridgerstone-dueler-h-p-sport\/"]}]},{"@type":"BreadcrumbList","@id":"https:\/\/jubapneu.eu\/index.php\/produit\/bridgerstone-dueler-h-p-sport\/#breadcrumb","itemListElement":[{"@type":"ListItem","position":1,"name":"Accueil","item":"https:\/\/jubapneu.eu\/"},{"@type":"ListItem","position":2,"name":"Boutique","item":"https:\/\/jubapneu.eu\/"},{"@type":"ListItem","position":3,"name":"[Occasion] Bridgerstone Dueler H\/P Sport 225\/55R18 98V"}]},{"@type":"WebSite","@id":"https:\/\/jubapneu.eu\/#website","url":"https:\/\/jubapneu.eu\/","name":"jubapneu.eu","description":"Des pneus adapt\u00e9s \u00e0 vos besoins","publisher":{"@id":"https:\/\/jubapneu.eu\/#organization"},"potentialAction":[{"@type":"SearchAction","target":{"@type":"EntryPoint","urlTemplate":"https:\/\/jubapneu.eu\/?s={search_term_string}"},"query-input":{"@type":"PropertyValueSpecification","valueRequired":true,"valueName":"search_term_string"}}],"inLanguage":"fr-FR"},{"@type":"Organization","@id":"https:\/\/jubapneu.eu\/#organization","name":"JubaPneu","url":"https:\/\/jubapneu.eu\/","logo":{"@type":"ImageObject","inLanguage":"fr-FR","@id":"https:\/\/jubapneu.eu\/#\/schema\/logo\/image\/","url":"http:\/\/jubapneu.eu\/wp-content\/uploads\/2022\/04\/logo_large.png","contentUrl":"http:\/\/jubapneu.eu\/wp-content\/uploads\/2022\/04\/logo_large.png","width":1500,"height":386,"caption":"JubaPneu"},"image":{"@id":"https:\/\/jubapneu.eu\/#\/schema\/logo\/image\/"}}]}},"jetpack_publicize_connections":[],"jetpack-related-posts":[{"id":364,"url":"https:\/\/jubapneu.eu\/index.php\/produit\/michelin-pilot-alpin-245-45r18-100v\/","url_meta":{"origin":346,"position":0},"title":"[Occasion] Michelin Pilot Alpin 245\/45R18 100V","author":"Juba","date":"20 octobre 2023","format":false,"excerpt":"DESCRIPTION DU PNEU PILOT ALPIN 5 UTILISATION ET PERFORMANCE Le tout nouveau pneu hiver sportif de chez Michelin se d\u00e9marque par ses performances exceptionnelles sur la neige et le verglas. Son freinage efficace sur les sols glissants et son grand confort\u00a0en font un pneu ultra s\u00e9curitaire sans compromettre le plaisir\u2026","rel":"","context":"Article similaire","block_context":{"text":"Article similaire","link":""},"img":{"alt_text":"","src":"","width":0,"height":0},"classes":[]},{"id":363,"url":"https:\/\/jubapneu.eu\/index.php\/produit\/hankook-icept-evo2-225-55r17-97h\/","url_meta":{"origin":346,"position":1},"title":"[NEUF] Hankook Icept Evo2 225\/55R17 97H","author":"Juba","date":"20 octobre 2023","format":false,"excerpt":"DESCRIPTION DU PNEU WINTER I-CEPT EVO2 UTILISATION ET PERFORMANCE Un pneu hiver performant d\u00e9di\u00e9 aux v\u00e9hicules milieu et haut de gamme. Son compos\u00e9 de gomme permet de conserver toute l'\u00e9lasticit\u00e9 du pneu pour une meilleure adh\u00e9rence en conditions hivernales m\u00eame \u00e0 tr\u00e8s basse temp\u00e9rature. Pour une s\u00e9curit\u00e9 optimale de vos\u2026","rel":"","context":"Article similaire","block_context":{"text":"Article similaire","link":""},"img":{"alt_text":"","src":"","width":0,"height":0},"classes":[]},{"id":362,"url":"https:\/\/jubapneu.eu\/index.php\/produit\/goodyear-ultragrip-215-65r16-98h\/","url_meta":{"origin":346,"position":2},"title":"[Occasion] GoodYear UltraGrip 215\/65R16 98H","author":"Juba","date":"20 octobre 2023","format":false,"excerpt":"DESCRIPTION DU PNEU ULTRAGRIP UTILISATION ET PERFORMANCE Le Goodyear Ultragrip propose un profil en \"V\", ce qui offre une \u00e9vacuation rapide et efficace de l'eau et de la neige fondue pour garantir une tenue de route et une stabilit\u00e9 maximales. Un pneu hiver b\u00e9n\u00e9ficiant des derni\u00e8res innovations technologiques pour affronter\u2026","rel":"","context":"Article similaire","block_context":{"text":"Article similaire","link":""},"img":{"alt_text":"","src":"","width":0,"height":0},"classes":[]},{"id":358,"url":"https:\/\/jubapneu.eu\/index.php\/produit\/michelin-alpin4-175-65r15-84t\/","url_meta":{"origin":346,"position":3},"title":"[Occasion] Michelin Alpin4 175\/65R15 84T","author":"Juba","date":"20 octobre 2023","format":false,"excerpt":"DESCRIPTION DU PNEU ALPIN A4 UTILISATION ET PERFORMANCE Le MICHELIN Alpin A4 est un peneumatique Hiver destin\u00e9 aux citadines, monospaces, berlines compactes et familiales. Il offre un freinage, une traction et une stabilit\u00e9 exceptionnels dans les conditions les plus exigeantes gr\u00e2ce \u00e0 la technologie Full Active Tread. La technologie Helio\u2026","rel":"","context":"Article similaire","block_context":{"text":"Article similaire","link":""},"img":{"alt_text":"","src":"","width":0,"height":0},"classes":[]},{"id":361,"url":"https:\/\/jubapneu.eu\/index.php\/produit\/michelin-alpin-6-195-65r15-95t\/","url_meta":{"origin":346,"position":4},"title":"[Occasion] Michelin Alpin 6 195\/65R15 95T","author":"Juba","date":"20 octobre 2023","format":false,"excerpt":"DESCRIPTION DU PNEU MICHELIN ALPIN 6 UTILISATION ET PERFORMANCE Michelin Alpin 6, en toute s\u00e9curit\u00e9, neuf comme us\u00e9(1), dans des conditions hivernales difficiles. Avec les technologies de pointe Michelin Evergrip, s\u00e9curit\u00e9 et contr\u00f4le optimum sur la neige, m\u00eame \u00e0 l'\u00e9tat us\u00e9(2) Bande de roulement multicouches : - La derni\u00e8re g\u00e9n\u00e9ration\u2026","rel":"","context":"Article similaire","block_context":{"text":"Article similaire","link":""},"img":{"alt_text":"","src":"","width":0,"height":0},"classes":[]}],"jetpack_sharing_enabled":true,"jetpack_likes_enabled":true,"_links":{"self":[{"href":"https:\/\/jubapneu.eu\/index.php\/wp-json\/wp\/v2\/product\/346","targetHints":{"allow":["GET"]}}],"collection":[{"href":"https:\/\/jubapneu.eu\/index.php\/wp-json\/wp\/v2\/product"}],"about":[{"href":"https:\/\/jubapneu.eu\/index.php\/wp-json\/wp\/v2\/types\/product"}],"replies":[{"embeddable":true,"href":"https:\/\/jubapneu.eu\/index.php\/wp-json\/wp\/v2\/comments?post=346"}],"wp:attachment":[{"href":"https:\/\/jubapneu.eu\/index.php\/wp-json\/wp\/v2\/media?parent=346"}],"wp:term":[{"taxonomy":"product_brand","embeddable":true,"href":"https:\/\/jubapneu.eu\/index.php\/wp-json\/wp\/v2\/product_brand?post=346"},{"taxonomy":"product_cat","embeddable":true,"href":"https:\/\/jubapneu.eu\/index.php\/wp-json\/wp\/v2\/product_cat?post=346"},{"taxonomy":"product_tag","embeddable":true,"href":"https:\/\/jubapneu.eu\/index.php\/wp-json\/wp\/v2\/product_tag?post=346"}],"curies":[{"name":"wp","href":"https:\/\/api.w.org\/{rel}","templated":true}]}}