{"id":361,"date":"2023-10-20T01:08:46","date_gmt":"2023-10-19T23:08:46","guid":{"rendered":"https:\/\/jubapneu.eu\/?post_type=product&#038;p=361"},"modified":"2024-08-14T23:18:23","modified_gmt":"2024-08-14T21:18:23","slug":"michelin-alpin-6-195-65r15-95t","status":"publish","type":"product","link":"https:\/\/jubapneu.eu\/index.php\/produit\/michelin-alpin-6-195-65r15-95t\/","title":{"rendered":"[Occasion] Michelin Alpin 6 195\/65R15 95T"},"content":{"rendered":"<h2>DESCRIPTION DU PNEU MICHELIN ALPIN 6<\/h2>\n<h3>UTILISATION ET PERFORMANCE<\/h3>\n<p>Michelin Alpin 6, en toute s\u00e9curit\u00e9, neuf comme us\u00e9<sup>(1)<\/sup>, dans des conditions hivernales difficiles.<\/p>\n<p>Avec les technologies de pointe Michelin Evergrip, s\u00e9curit\u00e9 et contr\u00f4le optimum sur la neige, m\u00eame \u00e0 l&rsquo;\u00e9tat us\u00e9<sup>(2)<\/sup><\/p>\n<ul>\n<li>Bande de roulement multicouches :<\/li>\n<\/ul>\n<p>&#8211; La derni\u00e8re g\u00e9n\u00e9ration de m\u00e9lange de gomme Michelin avec des performances hivernales \u00e9lev\u00e9es.<\/p>\n<p>&#8211; La technologie \u00ab\u00a0Traction Booster Compound\u00a0\u00bb renforce l&rsquo;ahd\u00e9rence sur la neige, au fur et \u00e0 mesure que le pneu s&rsquo;use.<\/p>\n<h3>LES PLUS DU MOD\u00c8LE<\/h3>\n<ul>\n<li>N\u00b01 en freinage sur la neige \u00e0 l&rsquo;\u00e9tat us\u00e9<sup>(3)<\/sup><\/li>\n<li>N\u00b01 en acc\u00e9l\u00e9ration et en motricit\u00e9 sur la neige \u00e0 l&rsquo;\u00e9tat us\u00e9<sup>(4)<\/sup><\/li>\n<li>Excellent en long\u00e9vit\u00e9<sup>(5)<\/sup><\/li>\n<\/ul>\n<h3>CARACT\u00c9RISTIQUES TECHNIQUES<\/h3>\n<ul>\n<li>Des sillons apparaissent et s&rsquo;\u00e9largissent avec l&rsquo;usure du pneu<\/li>\n<li>Derni\u00e8re g\u00e9n\u00e9ration de m\u00e9lange de gomme<\/li>\n<li>Technologie \u00ab\u00a0Traction Booster Compound\u00a0\u00bb<\/li>\n<\/ul>\n<h2>LA MARQUE MICHELIN<\/h2>\n<p>Parmi les leaders de l\u2019industrie pneumatique, Michelin a pour mission principale de contribuer \u00e0 la mobilit\u00e9 des personnes et des biens. Le groupe commercialise des pneus auto, 4&#215;4, camionnette, poids-lourd, agricoles, mais aussi deux roues (moto, scooter, v\u00e9lo), ainsi que des pneus d\u2019avion. En compl\u00e9ment, Michelin propose d\u2019autres types de produits et services d\u2019aide \u00e0 la mobilit\u00e9 : guides touristiques, guides h\u00f4tels et restaurants, cartes routi\u00e8res\u2026<\/p>\n<p>Depuis sa cr\u00e9ation en 1889, Michelin est implant\u00e9 \u00e0 Clermont-Ferrand (France). Pr\u00e9sent dans plus de 170 pays, le groupe emploie plus de 112 000 personnes \u00e0 travers le monde et dispose de 68 sites de production dans 17 pays diff\u00e9rents. La marque Michelin est associ\u00e9e \u00e0 son logo : le bonhomme Michelin appel\u00e9 Bibendum. Ce v\u00e9ritable embl\u00e8me est n\u00e9 en 1898 et a remport\u00e9 le titre de meilleur logo du monde en 2000.<\/p>\n","protected":false},"excerpt":{"rendered":"<p>DESCRIPTION DU PNEU MICHELIN ALPIN 6 UTILISATION ET PERFORMANCE Michelin Alpin 6, en toute s\u00e9curit\u00e9, neuf comme us\u00e9(1), dans des conditions hivernales difficiles. Avec les technologies de pointe Michelin Evergrip, s\u00e9curit\u00e9 et contr\u00f4le optimum sur la neige, m\u00eame \u00e0 l&rsquo;\u00e9tat us\u00e9(2) Bande de roulement multicouches : &#8211; La derni\u00e8re g\u00e9n\u00e9ration de m\u00e9lange de gomme Michelin [&hellip;]<\/p>\n","protected":false},"featured_media":0,"comment_status":"open","ping_status":"closed","template":"","meta":{"jetpack_publicize_message":"","jetpack_publicize_feature_enabled":true,"jetpack_social_post_already_shared":true,"jetpack_social_options":{"image_generator_settings":{"template":"highway","default_image_id":0,"font":"","enabled":false},"version":2}},"product_brand":[],"product_cat":[91],"product_tag":[],"class_list":{"0":"post-361","1":"product","2":"type-product","3":"status-publish","5":"product_cat-65-195","7":"first","8":"instock","9":"taxable","10":"shipping-taxable","11":"purchasable","12":"product-type-simple"},"yoast_head":"<!-- This site is optimized with the Yoast SEO plugin v27.4 - https:\/\/yoast.com\/product\/yoast-seo-wordpress\/ -->\n<title>[Occasion] Michelin Alpin 6 195\/65R15 95T - jubapneu.eu<\/title>\n<meta name=\"robots\" content=\"index, follow, max-snippet:-1, max-image-preview:large, max-video-preview:-1\" \/>\n<link rel=\"canonical\" href=\"https:\/\/jubapneu.eu\/index.php\/produit\/michelin-alpin-6-195-65r15-95t\/\" \/>\n<meta property=\"og:locale\" content=\"fr_FR\" \/>\n<meta property=\"og:type\" content=\"article\" \/>\n<meta property=\"og:title\" content=\"[Occasion] Michelin Alpin 6 195\/65R15 95T - jubapneu.eu\" \/>\n<meta property=\"og:description\" content=\"DESCRIPTION DU PNEU MICHELIN ALPIN 6 UTILISATION ET PERFORMANCE Michelin Alpin 6, en toute s\u00e9curit\u00e9, neuf comme us\u00e9(1), dans des conditions hivernales difficiles. Avec les technologies de pointe Michelin Evergrip, s\u00e9curit\u00e9 et contr\u00f4le optimum sur la neige, m\u00eame \u00e0 l&rsquo;\u00e9tat us\u00e9(2) Bande de roulement multicouches : &#8211; La derni\u00e8re g\u00e9n\u00e9ration de m\u00e9lange de gomme Michelin [&hellip;]\" \/>\n<meta property=\"og:url\" content=\"https:\/\/jubapneu.eu\/index.php\/produit\/michelin-alpin-6-195-65r15-95t\/\" \/>\n<meta property=\"og:site_name\" content=\"jubapneu.eu\" \/>\n<meta property=\"article:modified_time\" content=\"2024-08-14T21:18:23+00:00\" \/>\n<meta name=\"twitter:card\" content=\"summary_large_image\" \/>\n<meta name=\"twitter:label1\" content=\"Dur\u00e9e de lecture estim\u00e9e\" \/>\n\t<meta name=\"twitter:data1\" content=\"2 minutes\" \/>\n<script type=\"application\/ld+json\" class=\"yoast-schema-graph\">{\"@context\":\"https:\\\/\\\/schema.org\",\"@graph\":[{\"@type\":\"WebPage\",\"@id\":\"https:\\\/\\\/jubapneu.eu\\\/index.php\\\/produit\\\/michelin-alpin-6-195-65r15-95t\\\/\",\"url\":\"https:\\\/\\\/jubapneu.eu\\\/index.php\\\/produit\\\/michelin-alpin-6-195-65r15-95t\\\/\",\"name\":\"[Occasion] Michelin Alpin 6 195\\\/65R15 95T - jubapneu.eu\",\"isPartOf\":{\"@id\":\"https:\\\/\\\/jubapneu.eu\\\/#website\"},\"datePublished\":\"2023-10-19T23:08:46+00:00\",\"dateModified\":\"2024-08-14T21:18:23+00:00\",\"breadcrumb\":{\"@id\":\"https:\\\/\\\/jubapneu.eu\\\/index.php\\\/produit\\\/michelin-alpin-6-195-65r15-95t\\\/#breadcrumb\"},\"inLanguage\":\"fr-FR\",\"potentialAction\":[{\"@type\":\"ReadAction\",\"target\":[\"https:\\\/\\\/jubapneu.eu\\\/index.php\\\/produit\\\/michelin-alpin-6-195-65r15-95t\\\/\"]}]},{\"@type\":\"BreadcrumbList\",\"@id\":\"https:\\\/\\\/jubapneu.eu\\\/index.php\\\/produit\\\/michelin-alpin-6-195-65r15-95t\\\/#breadcrumb\",\"itemListElement\":[{\"@type\":\"ListItem\",\"position\":1,\"name\":\"Accueil\",\"item\":\"https:\\\/\\\/jubapneu.eu\\\/\"},{\"@type\":\"ListItem\",\"position\":2,\"name\":\"Boutique\",\"item\":\"https:\\\/\\\/jubapneu.eu\\\/\"},{\"@type\":\"ListItem\",\"position\":3,\"name\":\"[Occasion] Michelin Alpin 6 195\\\/65R15 95T\"}]},{\"@type\":\"WebSite\",\"@id\":\"https:\\\/\\\/jubapneu.eu\\\/#website\",\"url\":\"https:\\\/\\\/jubapneu.eu\\\/\",\"name\":\"jubapneu.eu\",\"description\":\"Des pneus adapt\u00e9s \u00e0 vos besoins\",\"publisher\":{\"@id\":\"https:\\\/\\\/jubapneu.eu\\\/#organization\"},\"potentialAction\":[{\"@type\":\"SearchAction\",\"target\":{\"@type\":\"EntryPoint\",\"urlTemplate\":\"https:\\\/\\\/jubapneu.eu\\\/?s={search_term_string}\"},\"query-input\":{\"@type\":\"PropertyValueSpecification\",\"valueRequired\":true,\"valueName\":\"search_term_string\"}}],\"inLanguage\":\"fr-FR\"},{\"@type\":\"Organization\",\"@id\":\"https:\\\/\\\/jubapneu.eu\\\/#organization\",\"name\":\"JubaPneu\",\"url\":\"https:\\\/\\\/jubapneu.eu\\\/\",\"logo\":{\"@type\":\"ImageObject\",\"inLanguage\":\"fr-FR\",\"@id\":\"https:\\\/\\\/jubapneu.eu\\\/#\\\/schema\\\/logo\\\/image\\\/\",\"url\":\"http:\\\/\\\/jubapneu.eu\\\/wp-content\\\/uploads\\\/2022\\\/04\\\/logo_large.png\",\"contentUrl\":\"http:\\\/\\\/jubapneu.eu\\\/wp-content\\\/uploads\\\/2022\\\/04\\\/logo_large.png\",\"width\":1500,\"height\":386,\"caption\":\"JubaPneu\"},\"image\":{\"@id\":\"https:\\\/\\\/jubapneu.eu\\\/#\\\/schema\\\/logo\\\/image\\\/\"}}]}<\/script>\n<!-- \/ Yoast SEO plugin. -->","yoast_head_json":{"title":"[Occasion] Michelin Alpin 6 195\/65R15 95T - jubapneu.eu","robots":{"index":"index","follow":"follow","max-snippet":"max-snippet:-1","max-image-preview":"max-image-preview:large","max-video-preview":"max-video-preview:-1"},"canonical":"https:\/\/jubapneu.eu\/index.php\/produit\/michelin-alpin-6-195-65r15-95t\/","og_locale":"fr_FR","og_type":"article","og_title":"[Occasion] Michelin Alpin 6 195\/65R15 95T - jubapneu.eu","og_description":"DESCRIPTION DU PNEU MICHELIN ALPIN 6 UTILISATION ET PERFORMANCE Michelin Alpin 6, en toute s\u00e9curit\u00e9, neuf comme us\u00e9(1), dans des conditions hivernales difficiles. Avec les technologies de pointe Michelin Evergrip, s\u00e9curit\u00e9 et contr\u00f4le optimum sur la neige, m\u00eame \u00e0 l&rsquo;\u00e9tat us\u00e9(2) Bande de roulement multicouches : &#8211; La derni\u00e8re g\u00e9n\u00e9ration de m\u00e9lange de gomme Michelin [&hellip;]","og_url":"https:\/\/jubapneu.eu\/index.php\/produit\/michelin-alpin-6-195-65r15-95t\/","og_site_name":"jubapneu.eu","article_modified_time":"2024-08-14T21:18:23+00:00","twitter_card":"summary_large_image","twitter_misc":{"Dur\u00e9e de lecture estim\u00e9e":"2 minutes"},"schema":{"@context":"https:\/\/schema.org","@graph":[{"@type":"WebPage","@id":"https:\/\/jubapneu.eu\/index.php\/produit\/michelin-alpin-6-195-65r15-95t\/","url":"https:\/\/jubapneu.eu\/index.php\/produit\/michelin-alpin-6-195-65r15-95t\/","name":"[Occasion] Michelin Alpin 6 195\/65R15 95T - jubapneu.eu","isPartOf":{"@id":"https:\/\/jubapneu.eu\/#website"},"datePublished":"2023-10-19T23:08:46+00:00","dateModified":"2024-08-14T21:18:23+00:00","breadcrumb":{"@id":"https:\/\/jubapneu.eu\/index.php\/produit\/michelin-alpin-6-195-65r15-95t\/#breadcrumb"},"inLanguage":"fr-FR","potentialAction":[{"@type":"ReadAction","target":["https:\/\/jubapneu.eu\/index.php\/produit\/michelin-alpin-6-195-65r15-95t\/"]}]},{"@type":"BreadcrumbList","@id":"https:\/\/jubapneu.eu\/index.php\/produit\/michelin-alpin-6-195-65r15-95t\/#breadcrumb","itemListElement":[{"@type":"ListItem","position":1,"name":"Accueil","item":"https:\/\/jubapneu.eu\/"},{"@type":"ListItem","position":2,"name":"Boutique","item":"https:\/\/jubapneu.eu\/"},{"@type":"ListItem","position":3,"name":"[Occasion] Michelin Alpin 6 195\/65R15 95T"}]},{"@type":"WebSite","@id":"https:\/\/jubapneu.eu\/#website","url":"https:\/\/jubapneu.eu\/","name":"jubapneu.eu","description":"Des pneus adapt\u00e9s \u00e0 vos besoins","publisher":{"@id":"https:\/\/jubapneu.eu\/#organization"},"potentialAction":[{"@type":"SearchAction","target":{"@type":"EntryPoint","urlTemplate":"https:\/\/jubapneu.eu\/?s={search_term_string}"},"query-input":{"@type":"PropertyValueSpecification","valueRequired":true,"valueName":"search_term_string"}}],"inLanguage":"fr-FR"},{"@type":"Organization","@id":"https:\/\/jubapneu.eu\/#organization","name":"JubaPneu","url":"https:\/\/jubapneu.eu\/","logo":{"@type":"ImageObject","inLanguage":"fr-FR","@id":"https:\/\/jubapneu.eu\/#\/schema\/logo\/image\/","url":"http:\/\/jubapneu.eu\/wp-content\/uploads\/2022\/04\/logo_large.png","contentUrl":"http:\/\/jubapneu.eu\/wp-content\/uploads\/2022\/04\/logo_large.png","width":1500,"height":386,"caption":"JubaPneu"},"image":{"@id":"https:\/\/jubapneu.eu\/#\/schema\/logo\/image\/"}}]}},"jetpack_publicize_connections":[],"jetpack-related-posts":[{"id":358,"url":"https:\/\/jubapneu.eu\/index.php\/produit\/michelin-alpin4-175-65r15-84t\/","url_meta":{"origin":361,"position":0},"title":"[Occasion] Michelin Alpin4 175\/65R15 84T","author":"Juba","date":"20 octobre 2023","format":false,"excerpt":"DESCRIPTION DU PNEU ALPIN A4 UTILISATION ET PERFORMANCE Le MICHELIN Alpin A4 est un peneumatique Hiver destin\u00e9 aux citadines, monospaces, berlines compactes et familiales. Il offre un freinage, une traction et une stabilit\u00e9 exceptionnels dans les conditions les plus exigeantes gr\u00e2ce \u00e0 la technologie Full Active Tread. La technologie Helio\u2026","rel":"","context":"Article similaire","block_context":{"text":"Article similaire","link":""},"img":{"alt_text":"","src":"","width":0,"height":0},"classes":[]},{"id":364,"url":"https:\/\/jubapneu.eu\/index.php\/produit\/michelin-pilot-alpin-245-45r18-100v\/","url_meta":{"origin":361,"position":1},"title":"[Occasion] Michelin Pilot Alpin 245\/45R18 100V","author":"Juba","date":"20 octobre 2023","format":false,"excerpt":"DESCRIPTION DU PNEU PILOT ALPIN 5 UTILISATION ET PERFORMANCE Le tout nouveau pneu hiver sportif de chez Michelin se d\u00e9marque par ses performances exceptionnelles sur la neige et le verglas. Son freinage efficace sur les sols glissants et son grand confort\u00a0en font un pneu ultra s\u00e9curitaire sans compromettre le plaisir\u2026","rel":"","context":"Article similaire","block_context":{"text":"Article similaire","link":""},"img":{"alt_text":"","src":"","width":0,"height":0},"classes":[]},{"id":363,"url":"https:\/\/jubapneu.eu\/index.php\/produit\/hankook-icept-evo2-225-55r17-97h\/","url_meta":{"origin":361,"position":2},"title":"[NEUF] Hankook Icept Evo2 225\/55R17 97H","author":"Juba","date":"20 octobre 2023","format":false,"excerpt":"DESCRIPTION DU PNEU WINTER I-CEPT EVO2 UTILISATION ET PERFORMANCE Un pneu hiver performant d\u00e9di\u00e9 aux v\u00e9hicules milieu et haut de gamme. Son compos\u00e9 de gomme permet de conserver toute l'\u00e9lasticit\u00e9 du pneu pour une meilleure adh\u00e9rence en conditions hivernales m\u00eame \u00e0 tr\u00e8s basse temp\u00e9rature. Pour une s\u00e9curit\u00e9 optimale de vos\u2026","rel":"","context":"Article similaire","block_context":{"text":"Article similaire","link":""},"img":{"alt_text":"","src":"","width":0,"height":0},"classes":[]},{"id":405,"url":"https:\/\/jubapneu.eu\/index.php\/produit\/michelin-alpin-6-205-45r17-88h\/","url_meta":{"origin":361,"position":3},"title":"[Occasion] MICHELIN Alpin 6 205\/45R17 88H","author":"Juba","date":"21 octobre 2023","format":false,"excerpt":"","rel":"","context":"Article similaire","block_context":{"text":"Article similaire","link":""},"img":{"alt_text":"","src":"","width":0,"height":0},"classes":[]},{"id":406,"url":"https:\/\/jubapneu.eu\/index.php\/produit\/michelin-alpin-6-205-55r16-91t\/","url_meta":{"origin":361,"position":4},"title":"[Occasion] MICHELIN Alpin 6 205\/55R16 91T","author":"Juba","date":"21 octobre 2023","format":false,"excerpt":"","rel":"","context":"Article similaire","block_context":{"text":"Article similaire","link":""},"img":{"alt_text":"","src":"","width":0,"height":0},"classes":[]},{"id":428,"url":"https:\/\/jubapneu.eu\/index.php\/produit\/michelin-alpin-6-195-65r15-95t-2\/","url_meta":{"origin":361,"position":5},"title":"[Occasion] MICHELIN Alpin 6 195\/65R15 95T","author":"Juba","date":"22 octobre 2023","format":false,"excerpt":"","rel":"","context":"Article similaire","block_context":{"text":"Article similaire","link":""},"img":{"alt_text":"","src":"","width":0,"height":0},"classes":[]}],"jetpack_sharing_enabled":true,"jetpack_likes_enabled":true,"_links":{"self":[{"href":"https:\/\/jubapneu.eu\/index.php\/wp-json\/wp\/v2\/product\/361","targetHints":{"allow":["GET"]}}],"collection":[{"href":"https:\/\/jubapneu.eu\/index.php\/wp-json\/wp\/v2\/product"}],"about":[{"href":"https:\/\/jubapneu.eu\/index.php\/wp-json\/wp\/v2\/types\/product"}],"replies":[{"embeddable":true,"href":"https:\/\/jubapneu.eu\/index.php\/wp-json\/wp\/v2\/comments?post=361"}],"wp:attachment":[{"href":"https:\/\/jubapneu.eu\/index.php\/wp-json\/wp\/v2\/media?parent=361"}],"wp:term":[{"taxonomy":"product_brand","embeddable":true,"href":"https:\/\/jubapneu.eu\/index.php\/wp-json\/wp\/v2\/product_brand?post=361"},{"taxonomy":"product_cat","embeddable":true,"href":"https:\/\/jubapneu.eu\/index.php\/wp-json\/wp\/v2\/product_cat?post=361"},{"taxonomy":"product_tag","embeddable":true,"href":"https:\/\/jubapneu.eu\/index.php\/wp-json\/wp\/v2\/product_tag?post=361"}],"curies":[{"name":"wp","href":"https:\/\/api.w.org\/{rel}","templated":true}]}}