{"id":363,"date":"2023-10-20T01:19:49","date_gmt":"2023-10-19T23:19:49","guid":{"rendered":"https:\/\/jubapneu.eu\/?post_type=product&#038;p=363"},"modified":"2024-08-10T12:43:01","modified_gmt":"2024-08-10T10:43:01","slug":"hankook-icept-evo2-225-55r17-97h","status":"publish","type":"product","link":"https:\/\/jubapneu.eu\/index.php\/produit\/hankook-icept-evo2-225-55r17-97h\/","title":{"rendered":"[NEUF] Hankook Icept Evo2 225\/55R17 97H"},"content":{"rendered":"<h2>DESCRIPTION DU PNEU WINTER I-CEPT EVO2<\/h2>\n<h3>UTILISATION ET PERFORMANCE<\/h3>\n<p>Un pneu hiver performant d\u00e9di\u00e9 aux v\u00e9hicules milieu et haut de gamme. Son compos\u00e9 de gomme permet de conserver toute l&rsquo;\u00e9lasticit\u00e9 du pneu pour une meilleure adh\u00e9rence en conditions hivernales m\u00eame \u00e0 tr\u00e8s basse temp\u00e9rature. Pour une s\u00e9curit\u00e9 optimale de vos trajets quotidiens en ville,\u00a0sur route et autoroute.<\/p>\n<h3>LES PLUS DU MOD\u00c8LE<\/h3>\n<ul>\n<li>Performances \u00e9lev\u00e9es sur neige et verglas<\/li>\n<li>Freinage assur\u00e9<\/li>\n<li>Motricit\u00e9 et comportement exemplaires sur les sols glissants<\/li>\n<\/ul>\n<h3>CARACTERISTIQUES TECHNIQUES<\/h3>\n<ul>\n<li>Sa faible r\u00e9sistance au roulement am\u00e9liore le confort de conduite et r\u00e9duit les co\u00fbts en carburant<\/li>\n<li>Empreinte optimis\u00e9e pour une long\u00e9vit\u00e9 maximale<\/li>\n<li>Son m\u00e9lange de gomme et sa forte lamellisation assurent une adh\u00e9rence optimale m\u00eame en conditions difficiles<\/li>\n<li>Un compos\u00e9 en silice \u00e0 forte adh\u00e9rence assure une meilleure motricit\u00e9 et une traction optimale sur la neige et le verglas<\/li>\n<li>Une ceinture en acier large offre de la rigidit\u00e9\u00a0\u00e0 la bande de roulement pour une meilleure stabilit\u00e9<\/li>\n<\/ul>\n<h2>LA MARQUE HANKOOK<\/h2>\n<p>Manufacturier sud-cor\u00e9en cr\u00e9\u00e9 en 1941, Hankook s&rsquo;appuie sur son expertise reconnue pour proposer une gamme compl\u00e8te de pneumatiques Ultra Hautes Performances Tourisme, 4X4\/SUV, camionnette et poids lourds. [7\u00e8me manufacturier mondial.] [20000 employ\u00e9s dans le monde.] [5 centres de R&amp;D.] [Pr\u00e9sence en monte d&rsquo;origine sur de nombreux v\u00e9hicules premium (Audi, Mercedes, BMW, etc..]<\/p>\n","protected":false},"excerpt":{"rendered":"<p>DESCRIPTION DU PNEU WINTER I-CEPT EVO2 UTILISATION ET PERFORMANCE Un pneu hiver performant d\u00e9di\u00e9 aux v\u00e9hicules milieu et haut de gamme. Son compos\u00e9 de gomme permet de conserver toute l&rsquo;\u00e9lasticit\u00e9 du pneu pour une meilleure adh\u00e9rence en conditions hivernales m\u00eame \u00e0 tr\u00e8s basse temp\u00e9rature. Pour une s\u00e9curit\u00e9 optimale de vos trajets quotidiens en ville,\u00a0sur route [&hellip;]<\/p>\n","protected":false},"featured_media":0,"comment_status":"open","ping_status":"closed","template":"","meta":{"jetpack_publicize_message":"","jetpack_publicize_feature_enabled":true,"jetpack_social_post_already_shared":true,"jetpack_social_options":{"image_generator_settings":{"template":"highway","default_image_id":0,"font":"","enabled":false},"version":2}},"product_brand":[],"product_cat":[95],"product_tag":[],"class_list":{"0":"post-363","1":"product","2":"type-product","3":"status-publish","5":"product_cat-55-225-17-pouces","7":"first","8":"instock","9":"taxable","10":"shipping-taxable","11":"purchasable","12":"product-type-simple"},"yoast_head":"<!-- This site is optimized with the Yoast SEO plugin v27.4 - https:\/\/yoast.com\/product\/yoast-seo-wordpress\/ -->\n<title>[NEUF] Hankook Icept Evo2 225\/55R17 97H - jubapneu.eu<\/title>\n<meta name=\"robots\" content=\"index, follow, max-snippet:-1, max-image-preview:large, max-video-preview:-1\" \/>\n<link rel=\"canonical\" href=\"https:\/\/jubapneu.eu\/index.php\/produit\/hankook-icept-evo2-225-55r17-97h\/\" \/>\n<meta property=\"og:locale\" content=\"fr_FR\" \/>\n<meta property=\"og:type\" content=\"article\" \/>\n<meta property=\"og:title\" content=\"[NEUF] Hankook Icept Evo2 225\/55R17 97H - jubapneu.eu\" \/>\n<meta property=\"og:description\" content=\"DESCRIPTION DU PNEU WINTER I-CEPT EVO2 UTILISATION ET PERFORMANCE Un pneu hiver performant d\u00e9di\u00e9 aux v\u00e9hicules milieu et haut de gamme. Son compos\u00e9 de gomme permet de conserver toute l&rsquo;\u00e9lasticit\u00e9 du pneu pour une meilleure adh\u00e9rence en conditions hivernales m\u00eame \u00e0 tr\u00e8s basse temp\u00e9rature. Pour une s\u00e9curit\u00e9 optimale de vos trajets quotidiens en ville,\u00a0sur route [&hellip;]\" \/>\n<meta property=\"og:url\" content=\"https:\/\/jubapneu.eu\/index.php\/produit\/hankook-icept-evo2-225-55r17-97h\/\" \/>\n<meta property=\"og:site_name\" content=\"jubapneu.eu\" \/>\n<meta property=\"article:modified_time\" content=\"2024-08-10T10:43:01+00:00\" \/>\n<meta name=\"twitter:card\" content=\"summary_large_image\" \/>\n<meta name=\"twitter:label1\" content=\"Dur\u00e9e de lecture estim\u00e9e\" \/>\n\t<meta name=\"twitter:data1\" content=\"2 minutes\" \/>\n<script type=\"application\/ld+json\" class=\"yoast-schema-graph\">{\"@context\":\"https:\\\/\\\/schema.org\",\"@graph\":[{\"@type\":\"WebPage\",\"@id\":\"https:\\\/\\\/jubapneu.eu\\\/index.php\\\/produit\\\/hankook-icept-evo2-225-55r17-97h\\\/\",\"url\":\"https:\\\/\\\/jubapneu.eu\\\/index.php\\\/produit\\\/hankook-icept-evo2-225-55r17-97h\\\/\",\"name\":\"[NEUF] Hankook Icept Evo2 225\\\/55R17 97H - jubapneu.eu\",\"isPartOf\":{\"@id\":\"https:\\\/\\\/jubapneu.eu\\\/#website\"},\"datePublished\":\"2023-10-19T23:19:49+00:00\",\"dateModified\":\"2024-08-10T10:43:01+00:00\",\"breadcrumb\":{\"@id\":\"https:\\\/\\\/jubapneu.eu\\\/index.php\\\/produit\\\/hankook-icept-evo2-225-55r17-97h\\\/#breadcrumb\"},\"inLanguage\":\"fr-FR\",\"potentialAction\":[{\"@type\":\"ReadAction\",\"target\":[\"https:\\\/\\\/jubapneu.eu\\\/index.php\\\/produit\\\/hankook-icept-evo2-225-55r17-97h\\\/\"]}]},{\"@type\":\"BreadcrumbList\",\"@id\":\"https:\\\/\\\/jubapneu.eu\\\/index.php\\\/produit\\\/hankook-icept-evo2-225-55r17-97h\\\/#breadcrumb\",\"itemListElement\":[{\"@type\":\"ListItem\",\"position\":1,\"name\":\"Accueil\",\"item\":\"https:\\\/\\\/jubapneu.eu\\\/\"},{\"@type\":\"ListItem\",\"position\":2,\"name\":\"Boutique\",\"item\":\"https:\\\/\\\/jubapneu.eu\\\/\"},{\"@type\":\"ListItem\",\"position\":3,\"name\":\"[NEUF] Hankook Icept Evo2 225\\\/55R17 97H\"}]},{\"@type\":\"WebSite\",\"@id\":\"https:\\\/\\\/jubapneu.eu\\\/#website\",\"url\":\"https:\\\/\\\/jubapneu.eu\\\/\",\"name\":\"jubapneu.eu\",\"description\":\"Des pneus adapt\u00e9s \u00e0 vos besoins\",\"publisher\":{\"@id\":\"https:\\\/\\\/jubapneu.eu\\\/#organization\"},\"potentialAction\":[{\"@type\":\"SearchAction\",\"target\":{\"@type\":\"EntryPoint\",\"urlTemplate\":\"https:\\\/\\\/jubapneu.eu\\\/?s={search_term_string}\"},\"query-input\":{\"@type\":\"PropertyValueSpecification\",\"valueRequired\":true,\"valueName\":\"search_term_string\"}}],\"inLanguage\":\"fr-FR\"},{\"@type\":\"Organization\",\"@id\":\"https:\\\/\\\/jubapneu.eu\\\/#organization\",\"name\":\"JubaPneu\",\"url\":\"https:\\\/\\\/jubapneu.eu\\\/\",\"logo\":{\"@type\":\"ImageObject\",\"inLanguage\":\"fr-FR\",\"@id\":\"https:\\\/\\\/jubapneu.eu\\\/#\\\/schema\\\/logo\\\/image\\\/\",\"url\":\"http:\\\/\\\/jubapneu.eu\\\/wp-content\\\/uploads\\\/2022\\\/04\\\/logo_large.png\",\"contentUrl\":\"http:\\\/\\\/jubapneu.eu\\\/wp-content\\\/uploads\\\/2022\\\/04\\\/logo_large.png\",\"width\":1500,\"height\":386,\"caption\":\"JubaPneu\"},\"image\":{\"@id\":\"https:\\\/\\\/jubapneu.eu\\\/#\\\/schema\\\/logo\\\/image\\\/\"}}]}<\/script>\n<!-- \/ Yoast SEO plugin. -->","yoast_head_json":{"title":"[NEUF] Hankook Icept Evo2 225\/55R17 97H - jubapneu.eu","robots":{"index":"index","follow":"follow","max-snippet":"max-snippet:-1","max-image-preview":"max-image-preview:large","max-video-preview":"max-video-preview:-1"},"canonical":"https:\/\/jubapneu.eu\/index.php\/produit\/hankook-icept-evo2-225-55r17-97h\/","og_locale":"fr_FR","og_type":"article","og_title":"[NEUF] Hankook Icept Evo2 225\/55R17 97H - jubapneu.eu","og_description":"DESCRIPTION DU PNEU WINTER I-CEPT EVO2 UTILISATION ET PERFORMANCE Un pneu hiver performant d\u00e9di\u00e9 aux v\u00e9hicules milieu et haut de gamme. Son compos\u00e9 de gomme permet de conserver toute l&rsquo;\u00e9lasticit\u00e9 du pneu pour une meilleure adh\u00e9rence en conditions hivernales m\u00eame \u00e0 tr\u00e8s basse temp\u00e9rature. Pour une s\u00e9curit\u00e9 optimale de vos trajets quotidiens en ville,\u00a0sur route [&hellip;]","og_url":"https:\/\/jubapneu.eu\/index.php\/produit\/hankook-icept-evo2-225-55r17-97h\/","og_site_name":"jubapneu.eu","article_modified_time":"2024-08-10T10:43:01+00:00","twitter_card":"summary_large_image","twitter_misc":{"Dur\u00e9e de lecture estim\u00e9e":"2 minutes"},"schema":{"@context":"https:\/\/schema.org","@graph":[{"@type":"WebPage","@id":"https:\/\/jubapneu.eu\/index.php\/produit\/hankook-icept-evo2-225-55r17-97h\/","url":"https:\/\/jubapneu.eu\/index.php\/produit\/hankook-icept-evo2-225-55r17-97h\/","name":"[NEUF] Hankook Icept Evo2 225\/55R17 97H - jubapneu.eu","isPartOf":{"@id":"https:\/\/jubapneu.eu\/#website"},"datePublished":"2023-10-19T23:19:49+00:00","dateModified":"2024-08-10T10:43:01+00:00","breadcrumb":{"@id":"https:\/\/jubapneu.eu\/index.php\/produit\/hankook-icept-evo2-225-55r17-97h\/#breadcrumb"},"inLanguage":"fr-FR","potentialAction":[{"@type":"ReadAction","target":["https:\/\/jubapneu.eu\/index.php\/produit\/hankook-icept-evo2-225-55r17-97h\/"]}]},{"@type":"BreadcrumbList","@id":"https:\/\/jubapneu.eu\/index.php\/produit\/hankook-icept-evo2-225-55r17-97h\/#breadcrumb","itemListElement":[{"@type":"ListItem","position":1,"name":"Accueil","item":"https:\/\/jubapneu.eu\/"},{"@type":"ListItem","position":2,"name":"Boutique","item":"https:\/\/jubapneu.eu\/"},{"@type":"ListItem","position":3,"name":"[NEUF] Hankook Icept Evo2 225\/55R17 97H"}]},{"@type":"WebSite","@id":"https:\/\/jubapneu.eu\/#website","url":"https:\/\/jubapneu.eu\/","name":"jubapneu.eu","description":"Des pneus adapt\u00e9s \u00e0 vos besoins","publisher":{"@id":"https:\/\/jubapneu.eu\/#organization"},"potentialAction":[{"@type":"SearchAction","target":{"@type":"EntryPoint","urlTemplate":"https:\/\/jubapneu.eu\/?s={search_term_string}"},"query-input":{"@type":"PropertyValueSpecification","valueRequired":true,"valueName":"search_term_string"}}],"inLanguage":"fr-FR"},{"@type":"Organization","@id":"https:\/\/jubapneu.eu\/#organization","name":"JubaPneu","url":"https:\/\/jubapneu.eu\/","logo":{"@type":"ImageObject","inLanguage":"fr-FR","@id":"https:\/\/jubapneu.eu\/#\/schema\/logo\/image\/","url":"http:\/\/jubapneu.eu\/wp-content\/uploads\/2022\/04\/logo_large.png","contentUrl":"http:\/\/jubapneu.eu\/wp-content\/uploads\/2022\/04\/logo_large.png","width":1500,"height":386,"caption":"JubaPneu"},"image":{"@id":"https:\/\/jubapneu.eu\/#\/schema\/logo\/image\/"}}]}},"jetpack_publicize_connections":[],"jetpack-related-posts":[{"id":358,"url":"https:\/\/jubapneu.eu\/index.php\/produit\/michelin-alpin4-175-65r15-84t\/","url_meta":{"origin":363,"position":0},"title":"[Occasion] Michelin Alpin4 175\/65R15 84T","author":"Juba","date":"20 octobre 2023","format":false,"excerpt":"DESCRIPTION DU PNEU ALPIN A4 UTILISATION ET PERFORMANCE Le MICHELIN Alpin A4 est un peneumatique Hiver destin\u00e9 aux citadines, monospaces, berlines compactes et familiales. Il offre un freinage, une traction et une stabilit\u00e9 exceptionnels dans les conditions les plus exigeantes gr\u00e2ce \u00e0 la technologie Full Active Tread. La technologie Helio\u2026","rel":"","context":"Article similaire","block_context":{"text":"Article similaire","link":""},"img":{"alt_text":"","src":"","width":0,"height":0},"classes":[]},{"id":364,"url":"https:\/\/jubapneu.eu\/index.php\/produit\/michelin-pilot-alpin-245-45r18-100v\/","url_meta":{"origin":363,"position":1},"title":"[Occasion] Michelin Pilot Alpin 245\/45R18 100V","author":"Juba","date":"20 octobre 2023","format":false,"excerpt":"DESCRIPTION DU PNEU PILOT ALPIN 5 UTILISATION ET PERFORMANCE Le tout nouveau pneu hiver sportif de chez Michelin se d\u00e9marque par ses performances exceptionnelles sur la neige et le verglas. Son freinage efficace sur les sols glissants et son grand confort\u00a0en font un pneu ultra s\u00e9curitaire sans compromettre le plaisir\u2026","rel":"","context":"Article similaire","block_context":{"text":"Article similaire","link":""},"img":{"alt_text":"","src":"","width":0,"height":0},"classes":[]},{"id":361,"url":"https:\/\/jubapneu.eu\/index.php\/produit\/michelin-alpin-6-195-65r15-95t\/","url_meta":{"origin":363,"position":2},"title":"[Occasion] Michelin Alpin 6 195\/65R15 95T","author":"Juba","date":"20 octobre 2023","format":false,"excerpt":"DESCRIPTION DU PNEU MICHELIN ALPIN 6 UTILISATION ET PERFORMANCE Michelin Alpin 6, en toute s\u00e9curit\u00e9, neuf comme us\u00e9(1), dans des conditions hivernales difficiles. Avec les technologies de pointe Michelin Evergrip, s\u00e9curit\u00e9 et contr\u00f4le optimum sur la neige, m\u00eame \u00e0 l'\u00e9tat us\u00e9(2) Bande de roulement multicouches : - La derni\u00e8re g\u00e9n\u00e9ration\u2026","rel":"","context":"Article similaire","block_context":{"text":"Article similaire","link":""},"img":{"alt_text":"","src":"","width":0,"height":0},"classes":[]},{"id":346,"url":"https:\/\/jubapneu.eu\/index.php\/produit\/bridgerstone-dueler-h-p-sport\/","url_meta":{"origin":363,"position":3},"title":"[Occasion] Bridgerstone Dueler H\/P Sport 225\/55R18 98V","author":"Juba","date":"15 octobre 2023","format":false,"excerpt":"DESCRIPTION DU PNEU DUELER H\/P SPORT UTILISATION ET PERFORMANCE Le BRIDGESTONE Dueler H\/P Sport s'adresse aux possesseurs de 4x4 et SUV, \u00e0 la recherche d'un pneu confortable, robuste et tr\u00e8s maniable. C'est un pneumatique s\u00e9curisant, offrant une excellente motricit\u00e9 et pr\u00e9cision de conduite \u00e0 la fois sur soc sec et\u2026","rel":"","context":"Article similaire","block_context":{"text":"Article similaire","link":""},"img":{"alt_text":"","src":"","width":0,"height":0},"classes":[]},{"id":362,"url":"https:\/\/jubapneu.eu\/index.php\/produit\/goodyear-ultragrip-215-65r16-98h\/","url_meta":{"origin":363,"position":4},"title":"[Occasion] GoodYear UltraGrip 215\/65R16 98H","author":"Juba","date":"20 octobre 2023","format":false,"excerpt":"DESCRIPTION DU PNEU ULTRAGRIP UTILISATION ET PERFORMANCE Le Goodyear Ultragrip propose un profil en \"V\", ce qui offre une \u00e9vacuation rapide et efficace de l'eau et de la neige fondue pour garantir une tenue de route et une stabilit\u00e9 maximales. Un pneu hiver b\u00e9n\u00e9ficiant des derni\u00e8res innovations technologiques pour affronter\u2026","rel":"","context":"Article similaire","block_context":{"text":"Article similaire","link":""},"img":{"alt_text":"","src":"","width":0,"height":0},"classes":[]},{"id":446,"url":"https:\/\/jubapneu.eu\/index.php\/produit\/reparation-de-pneu\/","url_meta":{"origin":363,"position":5},"title":"R\u00e9paration de pneu","author":"Juba","date":"22 octobre 2023","format":false,"excerpt":"","rel":"","context":"Article similaire","block_context":{"text":"Article similaire","link":""},"img":{"alt_text":"","src":"","width":0,"height":0},"classes":[]}],"jetpack_sharing_enabled":true,"jetpack_likes_enabled":true,"_links":{"self":[{"href":"https:\/\/jubapneu.eu\/index.php\/wp-json\/wp\/v2\/product\/363","targetHints":{"allow":["GET"]}}],"collection":[{"href":"https:\/\/jubapneu.eu\/index.php\/wp-json\/wp\/v2\/product"}],"about":[{"href":"https:\/\/jubapneu.eu\/index.php\/wp-json\/wp\/v2\/types\/product"}],"replies":[{"embeddable":true,"href":"https:\/\/jubapneu.eu\/index.php\/wp-json\/wp\/v2\/comments?post=363"}],"wp:attachment":[{"href":"https:\/\/jubapneu.eu\/index.php\/wp-json\/wp\/v2\/media?parent=363"}],"wp:term":[{"taxonomy":"product_brand","embeddable":true,"href":"https:\/\/jubapneu.eu\/index.php\/wp-json\/wp\/v2\/product_brand?post=363"},{"taxonomy":"product_cat","embeddable":true,"href":"https:\/\/jubapneu.eu\/index.php\/wp-json\/wp\/v2\/product_cat?post=363"},{"taxonomy":"product_tag","embeddable":true,"href":"https:\/\/jubapneu.eu\/index.php\/wp-json\/wp\/v2\/product_tag?post=363"}],"curies":[{"name":"wp","href":"https:\/\/api.w.org\/{rel}","templated":true}]}}