{"id":388,"date":"2023-10-21T20:04:08","date_gmt":"2023-10-21T18:04:08","guid":{"rendered":"https:\/\/jubapneu.eu\/?post_type=product&#038;p=388"},"modified":"2024-08-14T23:14:41","modified_gmt":"2024-08-14T21:14:41","slug":"goodyear-ultragrip-9-195-60r16-93h","status":"publish","type":"product","link":"https:\/\/jubapneu.eu\/index.php\/produit\/goodyear-ultragrip-9-195-60r16-93h\/","title":{"rendered":"[Occasion] GOODYEAR Ultragrip 9 195\/60R16 93H"},"content":{"rendered":"","protected":false},"excerpt":{"rendered":"","protected":false},"featured_media":0,"comment_status":"open","ping_status":"closed","template":"","meta":{"jetpack_publicize_message":"","jetpack_publicize_feature_enabled":true,"jetpack_social_post_already_shared":true,"jetpack_social_options":{"image_generator_settings":{"template":"highway","default_image_id":0,"font":"","enabled":false},"version":2}},"product_brand":[],"product_cat":[112],"product_tag":[],"class_list":{"0":"post-388","1":"product","2":"type-product","3":"status-publish","5":"product_cat-60-195-16-pouces","7":"first","8":"instock","9":"taxable","10":"shipping-taxable","11":"purchasable","12":"product-type-simple"},"yoast_head":"<!-- This site is optimized with the Yoast SEO plugin v27.4 - https:\/\/yoast.com\/product\/yoast-seo-wordpress\/ -->\n<title>[Occasion] GOODYEAR Ultragrip 9 195\/60R16 93H - jubapneu.eu<\/title>\n<meta name=\"robots\" content=\"index, follow, max-snippet:-1, max-image-preview:large, max-video-preview:-1\" \/>\n<link rel=\"canonical\" href=\"https:\/\/jubapneu.eu\/index.php\/produit\/goodyear-ultragrip-9-195-60r16-93h\/\" \/>\n<meta property=\"og:locale\" content=\"fr_FR\" \/>\n<meta property=\"og:type\" content=\"article\" \/>\n<meta property=\"og:title\" content=\"[Occasion] GOODYEAR Ultragrip 9 195\/60R16 93H - jubapneu.eu\" \/>\n<meta property=\"og:url\" content=\"https:\/\/jubapneu.eu\/index.php\/produit\/goodyear-ultragrip-9-195-60r16-93h\/\" \/>\n<meta property=\"og:site_name\" content=\"jubapneu.eu\" \/>\n<meta property=\"article:modified_time\" content=\"2024-08-14T21:14:41+00:00\" \/>\n<meta name=\"twitter:card\" content=\"summary_large_image\" \/>\n<script type=\"application\/ld+json\" class=\"yoast-schema-graph\">{\"@context\":\"https:\\\/\\\/schema.org\",\"@graph\":[{\"@type\":\"WebPage\",\"@id\":\"https:\\\/\\\/jubapneu.eu\\\/index.php\\\/produit\\\/goodyear-ultragrip-9-195-60r16-93h\\\/\",\"url\":\"https:\\\/\\\/jubapneu.eu\\\/index.php\\\/produit\\\/goodyear-ultragrip-9-195-60r16-93h\\\/\",\"name\":\"[Occasion] GOODYEAR Ultragrip 9 195\\\/60R16 93H - jubapneu.eu\",\"isPartOf\":{\"@id\":\"https:\\\/\\\/jubapneu.eu\\\/#website\"},\"datePublished\":\"2023-10-21T18:04:08+00:00\",\"dateModified\":\"2024-08-14T21:14:41+00:00\",\"breadcrumb\":{\"@id\":\"https:\\\/\\\/jubapneu.eu\\\/index.php\\\/produit\\\/goodyear-ultragrip-9-195-60r16-93h\\\/#breadcrumb\"},\"inLanguage\":\"fr-FR\",\"potentialAction\":[{\"@type\":\"ReadAction\",\"target\":[\"https:\\\/\\\/jubapneu.eu\\\/index.php\\\/produit\\\/goodyear-ultragrip-9-195-60r16-93h\\\/\"]}]},{\"@type\":\"BreadcrumbList\",\"@id\":\"https:\\\/\\\/jubapneu.eu\\\/index.php\\\/produit\\\/goodyear-ultragrip-9-195-60r16-93h\\\/#breadcrumb\",\"itemListElement\":[{\"@type\":\"ListItem\",\"position\":1,\"name\":\"Accueil\",\"item\":\"https:\\\/\\\/jubapneu.eu\\\/\"},{\"@type\":\"ListItem\",\"position\":2,\"name\":\"Boutique\",\"item\":\"https:\\\/\\\/jubapneu.eu\\\/\"},{\"@type\":\"ListItem\",\"position\":3,\"name\":\"[Occasion] GOODYEAR Ultragrip 9 195\\\/60R16 93H\"}]},{\"@type\":\"WebSite\",\"@id\":\"https:\\\/\\\/jubapneu.eu\\\/#website\",\"url\":\"https:\\\/\\\/jubapneu.eu\\\/\",\"name\":\"jubapneu.eu\",\"description\":\"Des pneus adapt\u00e9s \u00e0 vos besoins\",\"publisher\":{\"@id\":\"https:\\\/\\\/jubapneu.eu\\\/#organization\"},\"potentialAction\":[{\"@type\":\"SearchAction\",\"target\":{\"@type\":\"EntryPoint\",\"urlTemplate\":\"https:\\\/\\\/jubapneu.eu\\\/?s={search_term_string}\"},\"query-input\":{\"@type\":\"PropertyValueSpecification\",\"valueRequired\":true,\"valueName\":\"search_term_string\"}}],\"inLanguage\":\"fr-FR\"},{\"@type\":\"Organization\",\"@id\":\"https:\\\/\\\/jubapneu.eu\\\/#organization\",\"name\":\"JubaPneu\",\"url\":\"https:\\\/\\\/jubapneu.eu\\\/\",\"logo\":{\"@type\":\"ImageObject\",\"inLanguage\":\"fr-FR\",\"@id\":\"https:\\\/\\\/jubapneu.eu\\\/#\\\/schema\\\/logo\\\/image\\\/\",\"url\":\"http:\\\/\\\/jubapneu.eu\\\/wp-content\\\/uploads\\\/2022\\\/04\\\/logo_large.png\",\"contentUrl\":\"http:\\\/\\\/jubapneu.eu\\\/wp-content\\\/uploads\\\/2022\\\/04\\\/logo_large.png\",\"width\":1500,\"height\":386,\"caption\":\"JubaPneu\"},\"image\":{\"@id\":\"https:\\\/\\\/jubapneu.eu\\\/#\\\/schema\\\/logo\\\/image\\\/\"}}]}<\/script>\n<!-- \/ Yoast SEO plugin. -->","yoast_head_json":{"title":"[Occasion] GOODYEAR Ultragrip 9 195\/60R16 93H - jubapneu.eu","robots":{"index":"index","follow":"follow","max-snippet":"max-snippet:-1","max-image-preview":"max-image-preview:large","max-video-preview":"max-video-preview:-1"},"canonical":"https:\/\/jubapneu.eu\/index.php\/produit\/goodyear-ultragrip-9-195-60r16-93h\/","og_locale":"fr_FR","og_type":"article","og_title":"[Occasion] GOODYEAR Ultragrip 9 195\/60R16 93H - jubapneu.eu","og_url":"https:\/\/jubapneu.eu\/index.php\/produit\/goodyear-ultragrip-9-195-60r16-93h\/","og_site_name":"jubapneu.eu","article_modified_time":"2024-08-14T21:14:41+00:00","twitter_card":"summary_large_image","schema":{"@context":"https:\/\/schema.org","@graph":[{"@type":"WebPage","@id":"https:\/\/jubapneu.eu\/index.php\/produit\/goodyear-ultragrip-9-195-60r16-93h\/","url":"https:\/\/jubapneu.eu\/index.php\/produit\/goodyear-ultragrip-9-195-60r16-93h\/","name":"[Occasion] GOODYEAR Ultragrip 9 195\/60R16 93H - jubapneu.eu","isPartOf":{"@id":"https:\/\/jubapneu.eu\/#website"},"datePublished":"2023-10-21T18:04:08+00:00","dateModified":"2024-08-14T21:14:41+00:00","breadcrumb":{"@id":"https:\/\/jubapneu.eu\/index.php\/produit\/goodyear-ultragrip-9-195-60r16-93h\/#breadcrumb"},"inLanguage":"fr-FR","potentialAction":[{"@type":"ReadAction","target":["https:\/\/jubapneu.eu\/index.php\/produit\/goodyear-ultragrip-9-195-60r16-93h\/"]}]},{"@type":"BreadcrumbList","@id":"https:\/\/jubapneu.eu\/index.php\/produit\/goodyear-ultragrip-9-195-60r16-93h\/#breadcrumb","itemListElement":[{"@type":"ListItem","position":1,"name":"Accueil","item":"https:\/\/jubapneu.eu\/"},{"@type":"ListItem","position":2,"name":"Boutique","item":"https:\/\/jubapneu.eu\/"},{"@type":"ListItem","position":3,"name":"[Occasion] GOODYEAR Ultragrip 9 195\/60R16 93H"}]},{"@type":"WebSite","@id":"https:\/\/jubapneu.eu\/#website","url":"https:\/\/jubapneu.eu\/","name":"jubapneu.eu","description":"Des pneus adapt\u00e9s \u00e0 vos besoins","publisher":{"@id":"https:\/\/jubapneu.eu\/#organization"},"potentialAction":[{"@type":"SearchAction","target":{"@type":"EntryPoint","urlTemplate":"https:\/\/jubapneu.eu\/?s={search_term_string}"},"query-input":{"@type":"PropertyValueSpecification","valueRequired":true,"valueName":"search_term_string"}}],"inLanguage":"fr-FR"},{"@type":"Organization","@id":"https:\/\/jubapneu.eu\/#organization","name":"JubaPneu","url":"https:\/\/jubapneu.eu\/","logo":{"@type":"ImageObject","inLanguage":"fr-FR","@id":"https:\/\/jubapneu.eu\/#\/schema\/logo\/image\/","url":"http:\/\/jubapneu.eu\/wp-content\/uploads\/2022\/04\/logo_large.png","contentUrl":"http:\/\/jubapneu.eu\/wp-content\/uploads\/2022\/04\/logo_large.png","width":1500,"height":386,"caption":"JubaPneu"},"image":{"@id":"https:\/\/jubapneu.eu\/#\/schema\/logo\/image\/"}}]}},"jetpack_publicize_connections":[],"jetpack-related-posts":[{"id":386,"url":"https:\/\/jubapneu.eu\/index.php\/produit\/goodyear-ultragrip-225-55r17-97h\/","url_meta":{"origin":388,"position":0},"title":"[Occasion] GOODYEAR Ultragrip 225\/55R17 97H","author":"Juba","date":"21 octobre 2023","format":false,"excerpt":"","rel":"","context":"Article similaire","block_context":{"text":"Article similaire","link":""},"img":{"alt_text":"","src":"","width":0,"height":0},"classes":[]},{"id":387,"url":"https:\/\/jubapneu.eu\/index.php\/produit\/goodyear-ultragrip-8-285-45r20-112v\/","url_meta":{"origin":388,"position":1},"title":"[Occasion] GOODYEAR Ultragrip 8 285\/45R20 112V","author":"Juba","date":"21 octobre 2023","format":false,"excerpt":"","rel":"","context":"Article similaire","block_context":{"text":"Article similaire","link":""},"img":{"alt_text":"","src":"","width":0,"height":0},"classes":[]},{"id":362,"url":"https:\/\/jubapneu.eu\/index.php\/produit\/goodyear-ultragrip-215-65r16-98h\/","url_meta":{"origin":388,"position":2},"title":"[Occasion] GoodYear UltraGrip 215\/65R16 98H","author":"Juba","date":"20 octobre 2023","format":false,"excerpt":"DESCRIPTION DU PNEU ULTRAGRIP UTILISATION ET PERFORMANCE Le Goodyear Ultragrip propose un profil en \"V\", ce qui offre une \u00e9vacuation rapide et efficace de l'eau et de la neige fondue pour garantir une tenue de route et une stabilit\u00e9 maximales. Un pneu hiver b\u00e9n\u00e9ficiant des derni\u00e8res innovations technologiques pour affronter\u2026","rel":"","context":"Article similaire","block_context":{"text":"Article similaire","link":""},"img":{"alt_text":"","src":"","width":0,"height":0},"classes":[]},{"id":415,"url":"https:\/\/jubapneu.eu\/index.php\/produit\/pirelli-sottozero-3-255-40r19-93h\/","url_meta":{"origin":388,"position":3},"title":"[Occasion] PIRELLI sottozero 3 255\/40R19 93H","author":"Juba","date":"21 octobre 2023","format":false,"excerpt":"","rel":"","context":"Article similaire","block_context":{"text":"Article similaire","link":""},"img":{"alt_text":"","src":"","width":0,"height":0},"classes":[]},{"id":377,"url":"https:\/\/jubapneu.eu\/index.php\/produit\/bridgestone-blizzak-lm-32-205-50r17-93h\/","url_meta":{"origin":388,"position":4},"title":"[Occasion] BRIDGESTONE Blizzak LM-32 205\/50R17 93H","author":"Juba","date":"21 octobre 2023","format":false,"excerpt":"","rel":"","context":"Article similaire","block_context":{"text":"Article similaire","link":""},"img":{"alt_text":"","src":"","width":0,"height":0},"classes":[]},{"id":419,"url":"https:\/\/jubapneu.eu\/index.php\/produit\/semperit-speedgrip2-215-60r16-99h\/","url_meta":{"origin":388,"position":5},"title":"[Occasion] SEMPERIT Speedgrip2 215\/60R16 99H","author":"Juba","date":"21 octobre 2023","format":false,"excerpt":"","rel":"","context":"Article similaire","block_context":{"text":"Article similaire","link":""},"img":{"alt_text":"","src":"","width":0,"height":0},"classes":[]}],"jetpack_sharing_enabled":true,"jetpack_likes_enabled":true,"_links":{"self":[{"href":"https:\/\/jubapneu.eu\/index.php\/wp-json\/wp\/v2\/product\/388","targetHints":{"allow":["GET"]}}],"collection":[{"href":"https:\/\/jubapneu.eu\/index.php\/wp-json\/wp\/v2\/product"}],"about":[{"href":"https:\/\/jubapneu.eu\/index.php\/wp-json\/wp\/v2\/types\/product"}],"replies":[{"embeddable":true,"href":"https:\/\/jubapneu.eu\/index.php\/wp-json\/wp\/v2\/comments?post=388"}],"wp:attachment":[{"href":"https:\/\/jubapneu.eu\/index.php\/wp-json\/wp\/v2\/media?parent=388"}],"wp:term":[{"taxonomy":"product_brand","embeddable":true,"href":"https:\/\/jubapneu.eu\/index.php\/wp-json\/wp\/v2\/product_brand?post=388"},{"taxonomy":"product_cat","embeddable":true,"href":"https:\/\/jubapneu.eu\/index.php\/wp-json\/wp\/v2\/product_cat?post=388"},{"taxonomy":"product_tag","embeddable":true,"href":"https:\/\/jubapneu.eu\/index.php\/wp-json\/wp\/v2\/product_tag?post=388"}],"curies":[{"name":"wp","href":"https:\/\/api.w.org\/{rel}","templated":true}]}}