{"id":398,"date":"2023-10-21T20:04:13","date_gmt":"2023-10-21T18:04:13","guid":{"rendered":"https:\/\/jubapneu.eu\/?post_type=product&#038;p=398"},"modified":"2024-08-14T23:12:09","modified_gmt":"2024-08-14T21:12:09","slug":"hankook-icept-evo2-275-40r19-105v","status":"publish","type":"product","link":"https:\/\/jubapneu.eu\/index.php\/produit\/hankook-icept-evo2-275-40r19-105v\/","title":{"rendered":"[Occasion] HANKOOK icept evo2 275\/40R19 105V"},"content":{"rendered":"","protected":false},"excerpt":{"rendered":"","protected":false},"featured_media":0,"comment_status":"open","ping_status":"closed","template":"","meta":{"jetpack_publicize_message":"","jetpack_publicize_feature_enabled":true,"jetpack_social_post_already_shared":true,"jetpack_social_options":{"image_generator_settings":{"template":"highway","default_image_id":0,"font":"","enabled":false},"version":2}},"product_brand":[],"product_cat":[134],"product_tag":[],"class_list":{"0":"post-398","1":"product","2":"type-product","3":"status-publish","5":"product_cat-40-275","7":"first","8":"instock","9":"taxable","10":"shipping-taxable","11":"purchasable","12":"product-type-simple"},"yoast_head":"<!-- This site is optimized with the Yoast SEO plugin v27.4 - https:\/\/yoast.com\/product\/yoast-seo-wordpress\/ -->\n<title>[Occasion] HANKOOK icept evo2 275\/40R19 105V - jubapneu.eu<\/title>\n<meta name=\"robots\" content=\"index, follow, max-snippet:-1, max-image-preview:large, max-video-preview:-1\" \/>\n<link rel=\"canonical\" href=\"https:\/\/jubapneu.eu\/index.php\/produit\/hankook-icept-evo2-275-40r19-105v\/\" \/>\n<meta property=\"og:locale\" content=\"fr_FR\" \/>\n<meta property=\"og:type\" content=\"article\" \/>\n<meta property=\"og:title\" content=\"[Occasion] HANKOOK icept evo2 275\/40R19 105V - jubapneu.eu\" \/>\n<meta property=\"og:url\" content=\"https:\/\/jubapneu.eu\/index.php\/produit\/hankook-icept-evo2-275-40r19-105v\/\" \/>\n<meta property=\"og:site_name\" content=\"jubapneu.eu\" \/>\n<meta property=\"article:modified_time\" content=\"2024-08-14T21:12:09+00:00\" \/>\n<meta name=\"twitter:card\" content=\"summary_large_image\" \/>\n<script type=\"application\/ld+json\" class=\"yoast-schema-graph\">{\"@context\":\"https:\\\/\\\/schema.org\",\"@graph\":[{\"@type\":\"WebPage\",\"@id\":\"https:\\\/\\\/jubapneu.eu\\\/index.php\\\/produit\\\/hankook-icept-evo2-275-40r19-105v\\\/\",\"url\":\"https:\\\/\\\/jubapneu.eu\\\/index.php\\\/produit\\\/hankook-icept-evo2-275-40r19-105v\\\/\",\"name\":\"[Occasion] HANKOOK icept evo2 275\\\/40R19 105V - jubapneu.eu\",\"isPartOf\":{\"@id\":\"https:\\\/\\\/jubapneu.eu\\\/#website\"},\"datePublished\":\"2023-10-21T18:04:13+00:00\",\"dateModified\":\"2024-08-14T21:12:09+00:00\",\"breadcrumb\":{\"@id\":\"https:\\\/\\\/jubapneu.eu\\\/index.php\\\/produit\\\/hankook-icept-evo2-275-40r19-105v\\\/#breadcrumb\"},\"inLanguage\":\"fr-FR\",\"potentialAction\":[{\"@type\":\"ReadAction\",\"target\":[\"https:\\\/\\\/jubapneu.eu\\\/index.php\\\/produit\\\/hankook-icept-evo2-275-40r19-105v\\\/\"]}]},{\"@type\":\"BreadcrumbList\",\"@id\":\"https:\\\/\\\/jubapneu.eu\\\/index.php\\\/produit\\\/hankook-icept-evo2-275-40r19-105v\\\/#breadcrumb\",\"itemListElement\":[{\"@type\":\"ListItem\",\"position\":1,\"name\":\"Accueil\",\"item\":\"https:\\\/\\\/jubapneu.eu\\\/\"},{\"@type\":\"ListItem\",\"position\":2,\"name\":\"Boutique\",\"item\":\"https:\\\/\\\/jubapneu.eu\\\/\"},{\"@type\":\"ListItem\",\"position\":3,\"name\":\"[Occasion] HANKOOK icept evo2 275\\\/40R19 105V\"}]},{\"@type\":\"WebSite\",\"@id\":\"https:\\\/\\\/jubapneu.eu\\\/#website\",\"url\":\"https:\\\/\\\/jubapneu.eu\\\/\",\"name\":\"jubapneu.eu\",\"description\":\"Des pneus adapt\u00e9s \u00e0 vos besoins\",\"publisher\":{\"@id\":\"https:\\\/\\\/jubapneu.eu\\\/#organization\"},\"potentialAction\":[{\"@type\":\"SearchAction\",\"target\":{\"@type\":\"EntryPoint\",\"urlTemplate\":\"https:\\\/\\\/jubapneu.eu\\\/?s={search_term_string}\"},\"query-input\":{\"@type\":\"PropertyValueSpecification\",\"valueRequired\":true,\"valueName\":\"search_term_string\"}}],\"inLanguage\":\"fr-FR\"},{\"@type\":\"Organization\",\"@id\":\"https:\\\/\\\/jubapneu.eu\\\/#organization\",\"name\":\"JubaPneu\",\"url\":\"https:\\\/\\\/jubapneu.eu\\\/\",\"logo\":{\"@type\":\"ImageObject\",\"inLanguage\":\"fr-FR\",\"@id\":\"https:\\\/\\\/jubapneu.eu\\\/#\\\/schema\\\/logo\\\/image\\\/\",\"url\":\"http:\\\/\\\/jubapneu.eu\\\/wp-content\\\/uploads\\\/2022\\\/04\\\/logo_large.png\",\"contentUrl\":\"http:\\\/\\\/jubapneu.eu\\\/wp-content\\\/uploads\\\/2022\\\/04\\\/logo_large.png\",\"width\":1500,\"height\":386,\"caption\":\"JubaPneu\"},\"image\":{\"@id\":\"https:\\\/\\\/jubapneu.eu\\\/#\\\/schema\\\/logo\\\/image\\\/\"}}]}<\/script>\n<!-- \/ Yoast SEO plugin. -->","yoast_head_json":{"title":"[Occasion] HANKOOK icept evo2 275\/40R19 105V - jubapneu.eu","robots":{"index":"index","follow":"follow","max-snippet":"max-snippet:-1","max-image-preview":"max-image-preview:large","max-video-preview":"max-video-preview:-1"},"canonical":"https:\/\/jubapneu.eu\/index.php\/produit\/hankook-icept-evo2-275-40r19-105v\/","og_locale":"fr_FR","og_type":"article","og_title":"[Occasion] HANKOOK icept evo2 275\/40R19 105V - jubapneu.eu","og_url":"https:\/\/jubapneu.eu\/index.php\/produit\/hankook-icept-evo2-275-40r19-105v\/","og_site_name":"jubapneu.eu","article_modified_time":"2024-08-14T21:12:09+00:00","twitter_card":"summary_large_image","schema":{"@context":"https:\/\/schema.org","@graph":[{"@type":"WebPage","@id":"https:\/\/jubapneu.eu\/index.php\/produit\/hankook-icept-evo2-275-40r19-105v\/","url":"https:\/\/jubapneu.eu\/index.php\/produit\/hankook-icept-evo2-275-40r19-105v\/","name":"[Occasion] HANKOOK icept evo2 275\/40R19 105V - jubapneu.eu","isPartOf":{"@id":"https:\/\/jubapneu.eu\/#website"},"datePublished":"2023-10-21T18:04:13+00:00","dateModified":"2024-08-14T21:12:09+00:00","breadcrumb":{"@id":"https:\/\/jubapneu.eu\/index.php\/produit\/hankook-icept-evo2-275-40r19-105v\/#breadcrumb"},"inLanguage":"fr-FR","potentialAction":[{"@type":"ReadAction","target":["https:\/\/jubapneu.eu\/index.php\/produit\/hankook-icept-evo2-275-40r19-105v\/"]}]},{"@type":"BreadcrumbList","@id":"https:\/\/jubapneu.eu\/index.php\/produit\/hankook-icept-evo2-275-40r19-105v\/#breadcrumb","itemListElement":[{"@type":"ListItem","position":1,"name":"Accueil","item":"https:\/\/jubapneu.eu\/"},{"@type":"ListItem","position":2,"name":"Boutique","item":"https:\/\/jubapneu.eu\/"},{"@type":"ListItem","position":3,"name":"[Occasion] HANKOOK icept evo2 275\/40R19 105V"}]},{"@type":"WebSite","@id":"https:\/\/jubapneu.eu\/#website","url":"https:\/\/jubapneu.eu\/","name":"jubapneu.eu","description":"Des pneus adapt\u00e9s \u00e0 vos besoins","publisher":{"@id":"https:\/\/jubapneu.eu\/#organization"},"potentialAction":[{"@type":"SearchAction","target":{"@type":"EntryPoint","urlTemplate":"https:\/\/jubapneu.eu\/?s={search_term_string}"},"query-input":{"@type":"PropertyValueSpecification","valueRequired":true,"valueName":"search_term_string"}}],"inLanguage":"fr-FR"},{"@type":"Organization","@id":"https:\/\/jubapneu.eu\/#organization","name":"JubaPneu","url":"https:\/\/jubapneu.eu\/","logo":{"@type":"ImageObject","inLanguage":"fr-FR","@id":"https:\/\/jubapneu.eu\/#\/schema\/logo\/image\/","url":"http:\/\/jubapneu.eu\/wp-content\/uploads\/2022\/04\/logo_large.png","contentUrl":"http:\/\/jubapneu.eu\/wp-content\/uploads\/2022\/04\/logo_large.png","width":1500,"height":386,"caption":"JubaPneu"},"image":{"@id":"https:\/\/jubapneu.eu\/#\/schema\/logo\/image\/"}}]}},"jetpack_publicize_connections":[],"jetpack-related-posts":[{"id":397,"url":"https:\/\/jubapneu.eu\/index.php\/produit\/hankook-icept-evo2-235-50r18-101v\/","url_meta":{"origin":398,"position":0},"title":"[Occasion] HANKOOK icept evo2 235\/50R18 101V","author":"Juba","date":"21 octobre 2023","format":false,"excerpt":"","rel":"","context":"Article similaire","block_context":{"text":"Article similaire","link":""},"img":{"alt_text":"","src":"","width":0,"height":0},"classes":[]},{"id":363,"url":"https:\/\/jubapneu.eu\/index.php\/produit\/hankook-icept-evo2-225-55r17-97h\/","url_meta":{"origin":398,"position":1},"title":"[NEUF] Hankook Icept Evo2 225\/55R17 97H","author":"Juba","date":"20 octobre 2023","format":false,"excerpt":"DESCRIPTION DU PNEU WINTER I-CEPT EVO2 UTILISATION ET PERFORMANCE Un pneu hiver performant d\u00e9di\u00e9 aux v\u00e9hicules milieu et haut de gamme. Son compos\u00e9 de gomme permet de conserver toute l'\u00e9lasticit\u00e9 du pneu pour une meilleure adh\u00e9rence en conditions hivernales m\u00eame \u00e0 tr\u00e8s basse temp\u00e9rature. Pour une s\u00e9curit\u00e9 optimale de vos\u2026","rel":"","context":"Article similaire","block_context":{"text":"Article similaire","link":""},"img":{"alt_text":"","src":"","width":0,"height":0},"classes":[]},{"id":392,"url":"https:\/\/jubapneu.eu\/index.php\/produit\/hankook-icept-evo-205-60r16-96h\/","url_meta":{"origin":398,"position":2},"title":"[Occasion] HANKOOK icept evo  205\/60R16 96H","author":"Juba","date":"21 octobre 2023","format":false,"excerpt":"","rel":"","context":"Article similaire","block_context":{"text":"Article similaire","link":""},"img":{"alt_text":"","src":"","width":0,"height":0},"classes":[]},{"id":393,"url":"https:\/\/jubapneu.eu\/index.php\/produit\/hankook-icept-evo-2-215-65r17-99v\/","url_meta":{"origin":398,"position":3},"title":"[Occasion] HANKOOK icept evo 2 215\/65R17 99V","author":"Juba","date":"21 octobre 2023","format":false,"excerpt":"","rel":"","context":"Article similaire","block_context":{"text":"Article similaire","link":""},"img":{"alt_text":"","src":"","width":0,"height":0},"classes":[]},{"id":394,"url":"https:\/\/jubapneu.eu\/index.php\/produit\/hankook-icept-evo-2-245-45r19-102v\/","url_meta":{"origin":398,"position":4},"title":"[Occasion] HANKOOK icept evo 2 245\/45R19 102V","author":"Juba","date":"21 octobre 2023","format":false,"excerpt":"","rel":"","context":"Article similaire","block_context":{"text":"Article similaire","link":""},"img":{"alt_text":"","src":"","width":0,"height":0},"classes":[]},{"id":395,"url":"https:\/\/jubapneu.eu\/index.php\/produit\/hankook-icept-evo-3-245-45r19-102t\/","url_meta":{"origin":398,"position":5},"title":"[Occasion] HANKOOK icept evo 3 245\/45R19 102T","author":"Juba","date":"21 octobre 2023","format":false,"excerpt":"","rel":"","context":"Article similaire","block_context":{"text":"Article similaire","link":""},"img":{"alt_text":"","src":"","width":0,"height":0},"classes":[]}],"jetpack_sharing_enabled":true,"jetpack_likes_enabled":true,"_links":{"self":[{"href":"https:\/\/jubapneu.eu\/index.php\/wp-json\/wp\/v2\/product\/398","targetHints":{"allow":["GET"]}}],"collection":[{"href":"https:\/\/jubapneu.eu\/index.php\/wp-json\/wp\/v2\/product"}],"about":[{"href":"https:\/\/jubapneu.eu\/index.php\/wp-json\/wp\/v2\/types\/product"}],"replies":[{"embeddable":true,"href":"https:\/\/jubapneu.eu\/index.php\/wp-json\/wp\/v2\/comments?post=398"}],"wp:attachment":[{"href":"https:\/\/jubapneu.eu\/index.php\/wp-json\/wp\/v2\/media?parent=398"}],"wp:term":[{"taxonomy":"product_brand","embeddable":true,"href":"https:\/\/jubapneu.eu\/index.php\/wp-json\/wp\/v2\/product_brand?post=398"},{"taxonomy":"product_cat","embeddable":true,"href":"https:\/\/jubapneu.eu\/index.php\/wp-json\/wp\/v2\/product_cat?post=398"},{"taxonomy":"product_tag","embeddable":true,"href":"https:\/\/jubapneu.eu\/index.php\/wp-json\/wp\/v2\/product_tag?post=398"}],"curies":[{"name":"wp","href":"https:\/\/api.w.org\/{rel}","templated":true}]}}