{"id":418,"date":"2023-10-21T20:04:16","date_gmt":"2023-10-21T18:04:16","guid":{"rendered":"https:\/\/jubapneu.eu\/?post_type=product&#038;p=418"},"modified":"2024-08-14T23:10:26","modified_gmt":"2024-08-14T21:10:26","slug":"point-s-winterstar-3-185-65r15-88y","status":"publish","type":"product","link":"https:\/\/jubapneu.eu\/index.php\/produit\/point-s-winterstar-3-185-65r15-88y\/","title":{"rendered":"[Occasion] POINT S WinterStar 3 185\/65R15 88Y"},"content":{"rendered":"","protected":false},"excerpt":{"rendered":"","protected":false},"featured_media":0,"comment_status":"open","ping_status":"closed","template":"","meta":{"jetpack_publicize_message":"","jetpack_publicize_feature_enabled":true,"jetpack_social_post_already_shared":true,"jetpack_social_options":{"image_generator_settings":{"template":"highway","default_image_id":0,"font":"","enabled":false},"version":2}},"product_brand":[],"product_cat":[99],"product_tag":[],"class_list":{"0":"post-418","1":"product","2":"type-product","3":"status-publish","5":"product_cat-65-185","7":"first","8":"outofstock","9":"taxable","10":"shipping-taxable","11":"purchasable","12":"product-type-simple"},"yoast_head":"<!-- This site is optimized with the Yoast SEO plugin v27.4 - https:\/\/yoast.com\/product\/yoast-seo-wordpress\/ -->\n<title>[Occasion] POINT S WinterStar 3 185\/65R15 88Y - jubapneu.eu<\/title>\n<meta name=\"robots\" content=\"index, follow, max-snippet:-1, max-image-preview:large, max-video-preview:-1\" \/>\n<link rel=\"canonical\" href=\"https:\/\/jubapneu.eu\/index.php\/produit\/point-s-winterstar-3-185-65r15-88y\/\" \/>\n<meta property=\"og:locale\" content=\"fr_FR\" \/>\n<meta property=\"og:type\" content=\"article\" \/>\n<meta property=\"og:title\" content=\"[Occasion] POINT S WinterStar 3 185\/65R15 88Y - jubapneu.eu\" \/>\n<meta property=\"og:url\" content=\"https:\/\/jubapneu.eu\/index.php\/produit\/point-s-winterstar-3-185-65r15-88y\/\" \/>\n<meta property=\"og:site_name\" content=\"jubapneu.eu\" \/>\n<meta property=\"article:modified_time\" content=\"2024-08-14T21:10:26+00:00\" \/>\n<meta name=\"twitter:card\" content=\"summary_large_image\" \/>\n<script type=\"application\/ld+json\" class=\"yoast-schema-graph\">{\"@context\":\"https:\\\/\\\/schema.org\",\"@graph\":[{\"@type\":\"WebPage\",\"@id\":\"https:\\\/\\\/jubapneu.eu\\\/index.php\\\/produit\\\/point-s-winterstar-3-185-65r15-88y\\\/\",\"url\":\"https:\\\/\\\/jubapneu.eu\\\/index.php\\\/produit\\\/point-s-winterstar-3-185-65r15-88y\\\/\",\"name\":\"[Occasion] POINT S WinterStar 3 185\\\/65R15 88Y - jubapneu.eu\",\"isPartOf\":{\"@id\":\"https:\\\/\\\/jubapneu.eu\\\/#website\"},\"datePublished\":\"2023-10-21T18:04:16+00:00\",\"dateModified\":\"2024-08-14T21:10:26+00:00\",\"breadcrumb\":{\"@id\":\"https:\\\/\\\/jubapneu.eu\\\/index.php\\\/produit\\\/point-s-winterstar-3-185-65r15-88y\\\/#breadcrumb\"},\"inLanguage\":\"fr-FR\",\"potentialAction\":[{\"@type\":\"ReadAction\",\"target\":[\"https:\\\/\\\/jubapneu.eu\\\/index.php\\\/produit\\\/point-s-winterstar-3-185-65r15-88y\\\/\"]}]},{\"@type\":\"BreadcrumbList\",\"@id\":\"https:\\\/\\\/jubapneu.eu\\\/index.php\\\/produit\\\/point-s-winterstar-3-185-65r15-88y\\\/#breadcrumb\",\"itemListElement\":[{\"@type\":\"ListItem\",\"position\":1,\"name\":\"Accueil\",\"item\":\"https:\\\/\\\/jubapneu.eu\\\/\"},{\"@type\":\"ListItem\",\"position\":2,\"name\":\"Boutique\",\"item\":\"https:\\\/\\\/jubapneu.eu\\\/\"},{\"@type\":\"ListItem\",\"position\":3,\"name\":\"[Occasion] POINT S WinterStar 3 185\\\/65R15 88Y\"}]},{\"@type\":\"WebSite\",\"@id\":\"https:\\\/\\\/jubapneu.eu\\\/#website\",\"url\":\"https:\\\/\\\/jubapneu.eu\\\/\",\"name\":\"jubapneu.eu\",\"description\":\"Des pneus adapt\u00e9s \u00e0 vos besoins\",\"publisher\":{\"@id\":\"https:\\\/\\\/jubapneu.eu\\\/#organization\"},\"potentialAction\":[{\"@type\":\"SearchAction\",\"target\":{\"@type\":\"EntryPoint\",\"urlTemplate\":\"https:\\\/\\\/jubapneu.eu\\\/?s={search_term_string}\"},\"query-input\":{\"@type\":\"PropertyValueSpecification\",\"valueRequired\":true,\"valueName\":\"search_term_string\"}}],\"inLanguage\":\"fr-FR\"},{\"@type\":\"Organization\",\"@id\":\"https:\\\/\\\/jubapneu.eu\\\/#organization\",\"name\":\"JubaPneu\",\"url\":\"https:\\\/\\\/jubapneu.eu\\\/\",\"logo\":{\"@type\":\"ImageObject\",\"inLanguage\":\"fr-FR\",\"@id\":\"https:\\\/\\\/jubapneu.eu\\\/#\\\/schema\\\/logo\\\/image\\\/\",\"url\":\"http:\\\/\\\/jubapneu.eu\\\/wp-content\\\/uploads\\\/2022\\\/04\\\/logo_large.png\",\"contentUrl\":\"http:\\\/\\\/jubapneu.eu\\\/wp-content\\\/uploads\\\/2022\\\/04\\\/logo_large.png\",\"width\":1500,\"height\":386,\"caption\":\"JubaPneu\"},\"image\":{\"@id\":\"https:\\\/\\\/jubapneu.eu\\\/#\\\/schema\\\/logo\\\/image\\\/\"}}]}<\/script>\n<!-- \/ Yoast SEO plugin. -->","yoast_head_json":{"title":"[Occasion] POINT S WinterStar 3 185\/65R15 88Y - jubapneu.eu","robots":{"index":"index","follow":"follow","max-snippet":"max-snippet:-1","max-image-preview":"max-image-preview:large","max-video-preview":"max-video-preview:-1"},"canonical":"https:\/\/jubapneu.eu\/index.php\/produit\/point-s-winterstar-3-185-65r15-88y\/","og_locale":"fr_FR","og_type":"article","og_title":"[Occasion] POINT S WinterStar 3 185\/65R15 88Y - jubapneu.eu","og_url":"https:\/\/jubapneu.eu\/index.php\/produit\/point-s-winterstar-3-185-65r15-88y\/","og_site_name":"jubapneu.eu","article_modified_time":"2024-08-14T21:10:26+00:00","twitter_card":"summary_large_image","schema":{"@context":"https:\/\/schema.org","@graph":[{"@type":"WebPage","@id":"https:\/\/jubapneu.eu\/index.php\/produit\/point-s-winterstar-3-185-65r15-88y\/","url":"https:\/\/jubapneu.eu\/index.php\/produit\/point-s-winterstar-3-185-65r15-88y\/","name":"[Occasion] POINT S WinterStar 3 185\/65R15 88Y - jubapneu.eu","isPartOf":{"@id":"https:\/\/jubapneu.eu\/#website"},"datePublished":"2023-10-21T18:04:16+00:00","dateModified":"2024-08-14T21:10:26+00:00","breadcrumb":{"@id":"https:\/\/jubapneu.eu\/index.php\/produit\/point-s-winterstar-3-185-65r15-88y\/#breadcrumb"},"inLanguage":"fr-FR","potentialAction":[{"@type":"ReadAction","target":["https:\/\/jubapneu.eu\/index.php\/produit\/point-s-winterstar-3-185-65r15-88y\/"]}]},{"@type":"BreadcrumbList","@id":"https:\/\/jubapneu.eu\/index.php\/produit\/point-s-winterstar-3-185-65r15-88y\/#breadcrumb","itemListElement":[{"@type":"ListItem","position":1,"name":"Accueil","item":"https:\/\/jubapneu.eu\/"},{"@type":"ListItem","position":2,"name":"Boutique","item":"https:\/\/jubapneu.eu\/"},{"@type":"ListItem","position":3,"name":"[Occasion] POINT S WinterStar 3 185\/65R15 88Y"}]},{"@type":"WebSite","@id":"https:\/\/jubapneu.eu\/#website","url":"https:\/\/jubapneu.eu\/","name":"jubapneu.eu","description":"Des pneus adapt\u00e9s \u00e0 vos besoins","publisher":{"@id":"https:\/\/jubapneu.eu\/#organization"},"potentialAction":[{"@type":"SearchAction","target":{"@type":"EntryPoint","urlTemplate":"https:\/\/jubapneu.eu\/?s={search_term_string}"},"query-input":{"@type":"PropertyValueSpecification","valueRequired":true,"valueName":"search_term_string"}}],"inLanguage":"fr-FR"},{"@type":"Organization","@id":"https:\/\/jubapneu.eu\/#organization","name":"JubaPneu","url":"https:\/\/jubapneu.eu\/","logo":{"@type":"ImageObject","inLanguage":"fr-FR","@id":"https:\/\/jubapneu.eu\/#\/schema\/logo\/image\/","url":"http:\/\/jubapneu.eu\/wp-content\/uploads\/2022\/04\/logo_large.png","contentUrl":"http:\/\/jubapneu.eu\/wp-content\/uploads\/2022\/04\/logo_large.png","width":1500,"height":386,"caption":"JubaPneu"},"image":{"@id":"https:\/\/jubapneu.eu\/#\/schema\/logo\/image\/"}}]}},"jetpack_publicize_connections":[],"jetpack-related-posts":[{"id":380,"url":"https:\/\/jubapneu.eu\/index.php\/produit\/continental-contact-6-185-65r15-88h\/","url_meta":{"origin":418,"position":0},"title":"[Occasion] CONTINENTAL Contact 6 185\/65R15 88H","author":"Juba","date":"21 octobre 2023","format":false,"excerpt":"","rel":"","context":"Article similaire","block_context":{"text":"Article similaire","link":""},"img":{"alt_text":"","src":"","width":0,"height":0},"classes":[]},{"id":384,"url":"https:\/\/jubapneu.eu\/index.php\/produit\/dunlop-sp-wintersport-185-65r15-88t\/","url_meta":{"origin":418,"position":1},"title":"[Occasion] DUNLOP SP WinterSport 185\/65R15 88T","author":"Juba","date":"21 octobre 2023","format":false,"excerpt":"","rel":"","context":"Article similaire","block_context":{"text":"Article similaire","link":""},"img":{"alt_text":"","src":"","width":0,"height":0},"classes":[]},{"id":390,"url":"https:\/\/jubapneu.eu\/index.php\/produit\/hankook-195-65r15-91t\/","url_meta":{"origin":418,"position":2},"title":"[Occasion] HANKOOK 195\/65R15 91T","author":"Juba","date":"21 octobre 2023","format":false,"excerpt":"","rel":"","context":"Article similaire","block_context":{"text":"Article similaire","link":""},"img":{"alt_text":"","src":"","width":0,"height":0},"classes":[]},{"id":428,"url":"https:\/\/jubapneu.eu\/index.php\/produit\/michelin-alpin-6-195-65r15-95t-2\/","url_meta":{"origin":418,"position":3},"title":"[Occasion] MICHELIN Alpin 6 195\/65R15 95T","author":"Juba","date":"22 octobre 2023","format":false,"excerpt":"","rel":"","context":"Article similaire","block_context":{"text":"Article similaire","link":""},"img":{"alt_text":"","src":"","width":0,"height":0},"classes":[]},{"id":361,"url":"https:\/\/jubapneu.eu\/index.php\/produit\/michelin-alpin-6-195-65r15-95t\/","url_meta":{"origin":418,"position":4},"title":"[Occasion] Michelin Alpin 6 195\/65R15 95T","author":"Juba","date":"20 octobre 2023","format":false,"excerpt":"DESCRIPTION DU PNEU MICHELIN ALPIN 6 UTILISATION ET PERFORMANCE Michelin Alpin 6, en toute s\u00e9curit\u00e9, neuf comme us\u00e9(1), dans des conditions hivernales difficiles. Avec les technologies de pointe Michelin Evergrip, s\u00e9curit\u00e9 et contr\u00f4le optimum sur la neige, m\u00eame \u00e0 l'\u00e9tat us\u00e9(2) Bande de roulement multicouches : - La derni\u00e8re g\u00e9n\u00e9ration\u2026","rel":"","context":"Article similaire","block_context":{"text":"Article similaire","link":""},"img":{"alt_text":"","src":"","width":0,"height":0},"classes":[]},{"id":358,"url":"https:\/\/jubapneu.eu\/index.php\/produit\/michelin-alpin4-175-65r15-84t\/","url_meta":{"origin":418,"position":5},"title":"[Occasion] Michelin Alpin4 175\/65R15 84T","author":"Juba","date":"20 octobre 2023","format":false,"excerpt":"DESCRIPTION DU PNEU ALPIN A4 UTILISATION ET PERFORMANCE Le MICHELIN Alpin A4 est un peneumatique Hiver destin\u00e9 aux citadines, monospaces, berlines compactes et familiales. Il offre un freinage, une traction et une stabilit\u00e9 exceptionnels dans les conditions les plus exigeantes gr\u00e2ce \u00e0 la technologie Full Active Tread. La technologie Helio\u2026","rel":"","context":"Article similaire","block_context":{"text":"Article similaire","link":""},"img":{"alt_text":"","src":"","width":0,"height":0},"classes":[]}],"jetpack_sharing_enabled":true,"jetpack_likes_enabled":true,"_links":{"self":[{"href":"https:\/\/jubapneu.eu\/index.php\/wp-json\/wp\/v2\/product\/418","targetHints":{"allow":["GET"]}}],"collection":[{"href":"https:\/\/jubapneu.eu\/index.php\/wp-json\/wp\/v2\/product"}],"about":[{"href":"https:\/\/jubapneu.eu\/index.php\/wp-json\/wp\/v2\/types\/product"}],"replies":[{"embeddable":true,"href":"https:\/\/jubapneu.eu\/index.php\/wp-json\/wp\/v2\/comments?post=418"}],"wp:attachment":[{"href":"https:\/\/jubapneu.eu\/index.php\/wp-json\/wp\/v2\/media?parent=418"}],"wp:term":[{"taxonomy":"product_brand","embeddable":true,"href":"https:\/\/jubapneu.eu\/index.php\/wp-json\/wp\/v2\/product_brand?post=418"},{"taxonomy":"product_cat","embeddable":true,"href":"https:\/\/jubapneu.eu\/index.php\/wp-json\/wp\/v2\/product_cat?post=418"},{"taxonomy":"product_tag","embeddable":true,"href":"https:\/\/jubapneu.eu\/index.php\/wp-json\/wp\/v2\/product_tag?post=418"}],"curies":[{"name":"wp","href":"https:\/\/api.w.org\/{rel}","templated":true}]}}